{"id":170,"date":"2013-07-23T14:37:54","date_gmt":"2013-07-23T12:37:54","guid":{"rendered":"http:\/\/www.wetterauer-landbote.de\/?page_id=170"},"modified":"2013-08-19T15:49:22","modified_gmt":"2013-08-19T13:49:22","slug":"das-goldene-fr-redaktionsbuch","status":"publish","type":"page","link":"https:\/\/www.wetterauer-landbote.de\/?page_id=170","title":{"rendered":"Das goldene FR-Redaktionsbuch"},"content":{"rendered":"<h1>Wichtiger als der Duden<\/h1>\n<p>Das wichtigste Buch ihn der Friedberger Redaktion der Frankfurter Rundschau war nicht der Duden. Es war ein dickes Schreibheft mit festem Einband, das stark zerfleddert an prominenter Stelle im Regal lag.\u00a0 Es war so viel hineingeschrieben und es war so oft gelesen worden, dass es arg zerschlissen war. &#8222;Redaktionstagebuch und Ahnengalerie&#8220; hie\u00df es. Praktikanten und Volont\u00e4re, die kurz oder lange in der Redaktion zu Gast waren, hatten es gef\u00fcllt. Es war ein kunterbuntes Sammelsurium erster journalistischer Erfahrungen in der Wetterau entstanden.<\/p>\n<h2>Sex-Kino<\/h2>\n<p>Horst Pittelkow, Journalistensch\u00fcler aus dem fernen Hamburg, hatte seinen Artikel &#8222;Kein Lederhosen-Sex und keine harten Pornos mehr&#8220; eingeklebt. Es war ein einf\u00fchlsamer Nachruf auf das letzte Wetterauer Sex-Kino, das &#8222;Terminus&#8220; in Bad Nauheim. &#8222;Fr\u00fcher sollen viele Besucher mit Hut gekommen sein, den sie dann w\u00e4hrend der Vorstellung auf den Scho\u00df legten, in der weisen Voraussicht, dass sich dort etwas regen w\u00fcrde&#8220;, schrieb er. &#8222;&#8230; mit Hut gekommen&#8230;.&#8220; &#8211;\u00a0 ein beabsichtigtes Wortspiel? Der junge Kollege war am Ende verwirrt: &#8222;&#8230; mal zwei Frauen und ein Mann, dann zwei M\u00e4nner und eine Frau. Schlie\u00dflich sind es vier, f\u00fcnf, ja noch mehr, bis es schlie\u00dflich in ein unentwirrbares Kn\u00e4ul von Armen, Beinen und Leibern endet.&#8220;<\/p>\n<h2>Frau gesucht<\/h2>\n<p>Es war kein unentwirrbares Durcheinander von M\u00e4nnlein und Weiblein, das unsere Praktikantin Sabine Klein beklagte, sondern das genaue Gegenteil. &#8222;Eine Redakteurin w\u00fcrde das Niveau der Redaktionsgespr\u00e4che mit Sicherheit haben&#8220;, schrieb sie in gro\u00dfen roten Buchstaben der Redaktion ins Stammbuch. Die Friedberger Rundschau war zu jener Zeit eine reine M\u00e4nnerrunde. Die Redaktion hatte sich offenbar rasch gebessert, denn Daniela Sauer schrieb nur wenige Monate sp\u00e4ter: &#8222;Gelernt? Wei\u00df net. Kennengelernt hab&#8216; ich etwas: ein paar ziemlich nette Leute! (Denen ich manchmal sogar ein bisschen nachweinen werde.)&#8220;<\/p>\n<h2>Lob \u00fcber Lob<\/h2>\n<p>Die meisten Eintr\u00e4ge waren voll des Lobes. Etwa derart: &#8222;&#8230;. f\u00e4llt mir nicht weniger ein, als dass ich mich bei Euch sauwohl gef\u00fchlt habe und zum ersten Mal drei Monate in Folge jeden Tag gerne zur Arbeit gekommen bin.&#8220; Das t\u00e4gliche Ringen um die richtigen Ausdr\u00fccke und einen besseren Stil zieht sich durch das Buch. Miriam Schaefer regt an. &#8222;Sagt euren Praktikantinnen und Praktikanten gleich zu Beginn, worauf es ankommt &#8211; damit eine Friedbergerin nicht mit einem geparkten Wagen kollidiert.&#8220;<\/p>\n<h2>Findet statt, findet statt, findet statt&#8230;.<\/h2>\n<p>Manchmal spiegelt sich Entt\u00e4uschung in den Zeilen: &#8222;Zwei Monate lang habe ich mich redlich um &#8218;Pfiffigkeit&#8216;\u00a0 bem\u00fcht. Genutzt hat&#8217;s nichts.&#8220; Und die t\u00e4gliche Routine wird beklagt: &#8222;&#8230; nicht zu vergessen die Kurse und Kurzmeldungen, von denen ich bestimmt 400 Zeilen an der unerbittlichen Korrektur von Kollegin Kuglin vorbei zu Druck brachte.&#8220; Apropos Zensur: Eva Tenzer zahlte der Redaktion in dem B\u00fcchlein heim, was ihr in der Zeitung verboten war: &#8222;Und weil ich&#8217;s zwei Monate nicht durfte, das noch: findet statt, findet statt, findet statt&#8230;.&#8220;<\/p>\n<h2>Aufstehen<\/h2>\n<p>Doris Maasen hat &#8222;eine morgendliche Blamage vor dem Friedberger Amtsgericht&#8220; festgehalten: Als sie als einzige Besucherin einer Verhandlung &#8222;das Aufstehen verga\u00df und Richter Knipper durch den Saal br\u00fcllte: &#8218;Junger Mann (ihr Haar ma\u00df drei Millimeter), wir stehen nicht f\u00fcr sie auf.'&#8220;<\/p>\n","protected":false},"excerpt":{"rendered":"<p>Wichtiger als der Duden Das wichtigste Buch ihn der Friedberger Redaktion der Frankfurter Rundschau war nicht der Duden. Es war ein dickes Schreibheft mit festem Einband, das stark zerfleddert an prominenter Stelle im Regal lag.\u00a0 Es war so viel hineingeschrieben &hellip; <a href=\"https:\/\/www.wetterauer-landbote.de\/?page_id=170\">Weiterlesen <span class=\"meta-nav\">&rarr;<\/span><\/a><\/p>\n","protected":false},"author":1,"featured_media":0,"parent":0,"menu_order":0,"comment_status":"open","ping_status":"open","template":"","meta":{"footnotes":""},"class_list":["post-170","page","type-page","status-publish","hentry"],"yoast_head":"<!-- This site is optimized with the Yoast SEO plugin v27.0 - https:\/\/yoast.com\/product\/yoast-seo-wordpress\/ -->\n<title>Das goldene FR-Redaktionsbuch - Wetterauer-Landbote<\/title>\n<meta name=\"robots\" content=\"index, follow, max-snippet:-1, max-image-preview:large, max-video-preview:-1\" \/>\n<link rel=\"canonical\" href=\"http:\/\/www.wetterauer-landbote.de\/?page_id=170\" \/>\n<meta property=\"og:locale\" content=\"de_DE\" \/>\n<meta property=\"og:type\" content=\"article\" \/>\n<meta property=\"og:title\" content=\"Das goldene FR-Redaktionsbuch - Wetterauer-Landbote\" \/>\n<meta property=\"og:description\" content=\"Wichtiger als der Duden Das wichtigste Buch ihn der Friedberger Redaktion der Frankfurter Rundschau war nicht der Duden. Es war ein dickes Schreibheft mit festem Einband, das stark zerfleddert an prominenter Stelle im Regal lag.\u00a0 Es war so viel hineingeschrieben &hellip; Weiterlesen &rarr;\" \/>\n<meta property=\"og:url\" content=\"http:\/\/www.wetterauer-landbote.de\/?page_id=170\" \/>\n<meta property=\"og:site_name\" content=\"Wetterauer-Landbote\" \/>\n<meta property=\"article:modified_time\" content=\"2013-08-19T13:49:22+00:00\" \/>\n<meta name=\"twitter:label1\" content=\"Gesch\u00e4tzte Lesezeit\" \/>\n\t<meta name=\"twitter:data1\" content=\"3\u00a0Minuten\" \/>\n<script type=\"application\/ld+json\" class=\"yoast-schema-graph\">{\"@context\":\"https:\/\/schema.org\",\"@graph\":[{\"@type\":\"WebPage\",\"@id\":\"http:\/\/www.wetterauer-landbote.de\/?page_id=170\",\"url\":\"http:\/\/www.wetterauer-landbote.de\/?page_id=170\",\"name\":\"Das goldene FR-Redaktionsbuch - Wetterauer-Landbote\",\"isPartOf\":{\"@id\":\"http:\/\/www.wetterauer-landbote.de\/#website\"},\"datePublished\":\"2013-07-23T12:37:54+00:00\",\"dateModified\":\"2013-08-19T13:49:22+00:00\",\"breadcrumb\":{\"@id\":\"http:\/\/www.wetterauer-landbote.de\/?page_id=170#breadcrumb\"},\"inLanguage\":\"de\",\"potentialAction\":[{\"@type\":\"ReadAction\",\"target\":[\"http:\/\/www.wetterauer-landbote.de\/?page_id=170\"]}]},{\"@type\":\"BreadcrumbList\",\"@id\":\"http:\/\/www.wetterauer-landbote.de\/?page_id=170#breadcrumb\",\"itemListElement\":[{\"@type\":\"ListItem\",\"position\":1,\"name\":\"Home\",\"item\":\"http:\/\/www.wetterauer-landbote.de\/\"},{\"@type\":\"ListItem\",\"position\":2,\"name\":\"Das goldene FR-Redaktionsbuch\"}]},{\"@type\":\"WebSite\",\"@id\":\"http:\/\/www.wetterauer-landbote.de\/#website\",\"url\":\"http:\/\/www.wetterauer-landbote.de\/\",\"name\":\"Wetterauer-Landbote\",\"description\":\"\",\"potentialAction\":[{\"@type\":\"SearchAction\",\"target\":{\"@type\":\"EntryPoint\",\"urlTemplate\":\"http:\/\/www.wetterauer-landbote.de\/?s={search_term_string}\"},\"query-input\":{\"@type\":\"PropertyValueSpecification\",\"valueRequired\":true,\"valueName\":\"search_term_string\"}}],\"inLanguage\":\"de\"}]}<\/script>\n<!-- \/ Yoast SEO plugin. -->","yoast_head_json":{"title":"Das goldene FR-Redaktionsbuch - Wetterauer-Landbote","robots":{"index":"index","follow":"follow","max-snippet":"max-snippet:-1","max-image-preview":"max-image-preview:large","max-video-preview":"max-video-preview:-1"},"canonical":"http:\/\/www.wetterauer-landbote.de\/?page_id=170","og_locale":"de_DE","og_type":"article","og_title":"Das goldene FR-Redaktionsbuch - Wetterauer-Landbote","og_description":"Wichtiger als der Duden Das wichtigste Buch ihn der Friedberger Redaktion der Frankfurter Rundschau war nicht der Duden. Es war ein dickes Schreibheft mit festem Einband, das stark zerfleddert an prominenter Stelle im Regal lag.\u00a0 Es war so viel hineingeschrieben &hellip; Weiterlesen &rarr;","og_url":"http:\/\/www.wetterauer-landbote.de\/?page_id=170","og_site_name":"Wetterauer-Landbote","article_modified_time":"2013-08-19T13:49:22+00:00","twitter_misc":{"Gesch\u00e4tzte Lesezeit":"3\u00a0Minuten"},"schema":{"@context":"https:\/\/schema.org","@graph":[{"@type":"WebPage","@id":"http:\/\/www.wetterauer-landbote.de\/?page_id=170","url":"http:\/\/www.wetterauer-landbote.de\/?page_id=170","name":"Das goldene FR-Redaktionsbuch - Wetterauer-Landbote","isPartOf":{"@id":"http:\/\/www.wetterauer-landbote.de\/#website"},"datePublished":"2013-07-23T12:37:54+00:00","dateModified":"2013-08-19T13:49:22+00:00","breadcrumb":{"@id":"http:\/\/www.wetterauer-landbote.de\/?page_id=170#breadcrumb"},"inLanguage":"de","potentialAction":[{"@type":"ReadAction","target":["http:\/\/www.wetterauer-landbote.de\/?page_id=170"]}]},{"@type":"BreadcrumbList","@id":"http:\/\/www.wetterauer-landbote.de\/?page_id=170#breadcrumb","itemListElement":[{"@type":"ListItem","position":1,"name":"Home","item":"http:\/\/www.wetterauer-landbote.de\/"},{"@type":"ListItem","position":2,"name":"Das goldene FR-Redaktionsbuch"}]},{"@type":"WebSite","@id":"http:\/\/www.wetterauer-landbote.de\/#website","url":"http:\/\/www.wetterauer-landbote.de\/","name":"Wetterauer-Landbote","description":"","potentialAction":[{"@type":"SearchAction","target":{"@type":"EntryPoint","urlTemplate":"http:\/\/www.wetterauer-landbote.de\/?s={search_term_string}"},"query-input":{"@type":"PropertyValueSpecification","valueRequired":true,"valueName":"search_term_string"}}],"inLanguage":"de"}]}},"jetpack_sharing_enabled":true,"jetpack_likes_enabled":true,"_links":{"self":[{"href":"https:\/\/www.wetterauer-landbote.de\/index.php?rest_route=\/wp\/v2\/pages\/170","targetHints":{"allow":["GET"]}}],"collection":[{"href":"https:\/\/www.wetterauer-landbote.de\/index.php?rest_route=\/wp\/v2\/pages"}],"about":[{"href":"https:\/\/www.wetterauer-landbote.de\/index.php?rest_route=\/wp\/v2\/types\/page"}],"author":[{"embeddable":true,"href":"https:\/\/www.wetterauer-landbote.de\/index.php?rest_route=\/wp\/v2\/users\/1"}],"replies":[{"embeddable":true,"href":"https:\/\/www.wetterauer-landbote.de\/index.php?rest_route=%2Fwp%2Fv2%2Fcomments&post=170"}],"version-history":[{"count":3,"href":"https:\/\/www.wetterauer-landbote.de\/index.php?rest_route=\/wp\/v2\/pages\/170\/revisions"}],"predecessor-version":[{"id":187,"href":"https:\/\/www.wetterauer-landbote.de\/index.php?rest_route=\/wp\/v2\/pages\/170\/revisions\/187"}],"wp:attachment":[{"href":"https:\/\/www.wetterauer-landbote.de\/index.php?rest_route=%2Fwp%2Fv2%2Fmedia&parent=170"}],"curies":[{"name":"wp","href":"https:\/\/api.w.org\/{rel}","templated":true}]}}