{"id":69,"date":"2013-05-28T12:39:44","date_gmt":"2013-05-28T10:39:44","guid":{"rendered":"http:\/\/www.wetterauer-landbote.de\/?page_id=69"},"modified":"2015-02-26T13:22:59","modified_gmt":"2015-02-26T11:22:59","slug":"was-soll-das","status":"publish","type":"page","link":"http:\/\/www.wetterauer-landbote.de\/?page_id=69","title":{"rendered":"Was soll das?"},"content":{"rendered":"<h1>Aufdecken, dran bleiben, weiter machen&#8230;<\/h1>\n<p>Hier entsteht eine Internet-Zeitung. Wir, vier ehemalige Besch\u00e4ftigte der Frankfurter Rundschau, wollen eine L\u00fccke in der regionalen Medienlandschaft schlie\u00dfen.Wir wollen aufdecken, dran bleiben und dort weiter machen, wo andere aufh\u00f6ren. Hier sollen Sie lesen, was sie anderswo nicht finden.<\/p>\n<h2>Was soll das?<\/h2>\n<p>Wir wollen Themen setzen und eigene Geschichten pr\u00e4sentieren. Wir greifen gerne Anregungen unserer Leser auf, nehmen sozusagen Rechercheauftr\u00e4ge entgegen. F\u00fcr uns gilt: Klasse statt Masse. Deshalb steht f\u00fcr uns nicht im Vordergrund, diese Seite t\u00e4glich zu aktualisieren. Wir tun es nur, wenn wir wirklich Neues zu bieten haben.<\/p>\n<p>Qualit\u00e4t kostet Geld. Deshalb suchen wir Sponsoren, die uns bei unseren ambitionierten Pl\u00e4nen unterst\u00fctzen wollen.<\/p>\n<p>Interessenten k\u00f6nnen sich unter <span style=\"color: #000080;\"><span style=\"text-decoration: underline;\"><a href=\"mailto:info@wetterauer-Landbote.de\">info@wetterauer-Landbote.de<\/a><\/span><\/span> melden.<\/p>\n<p>Wer wir sind:<\/p>\n<p><a href=\"https:\/\/i0.wp.com\/www.wetterauer-landbote.de\/wp-content\/uploads\/2013\/05\/Jutta.jpg\"><img data-recalc-dims=\"1\" loading=\"lazy\" decoding=\"async\" class=\" wp-image-559 alignleft\" src=\"https:\/\/i0.wp.com\/www.wetterauer-landbote.de\/wp-content\/uploads\/2013\/05\/Jutta.jpg?resize=210%2C253\" alt=\"Jutta\" width=\"210\" height=\"253\" \/><\/a><strong>Jutta Himmighofen-Strack,<\/strong> Jahrgang 1961, arbeitet seit \u00fcber zehn Jahren selbst\u00e4ndig in der \u00d6ffentlichkeitsarbeit. Zuvor war sie fast 20 Jahre in der Redaktion und im Verlag der Frankfurter Rundschau t\u00e4tig. Sie hat die erste Gesch\u00e4ftsstelle der Frankfurter Rundschau in Friedberg aufgebaut und etabliert. Sie ist ausgebildeter Business-Coach und zugelassene Beraterin f\u00fcr Gr\u00fcndercoaching der kfw-Bank.<\/p>\n<p>&nbsp;<\/p>\n<p>&nbsp;<\/p>\n<p><a href=\"https:\/\/i0.wp.com\/www.wetterauer-landbote.de\/wp-content\/uploads\/2013\/05\/corinna.gif\"><img data-recalc-dims=\"1\" loading=\"lazy\" decoding=\"async\" class=\"alignleft  wp-image-2187\" src=\"https:\/\/i0.wp.com\/www.wetterauer-landbote.de\/wp-content\/uploads\/2013\/05\/corinna.gif?resize=214%2C299\" alt=\"corinna\" width=\"214\" height=\"299\" \/><\/a><strong>Corinna Willf\u00fchr,<\/strong> Jahrgang 1957, Redakteurin und Diplom-P\u00e4dagogin. Ausbildung zur Krankenpflegerin, Studium der Diplom-P\u00e4dagogik, wissenschaftliche Mitarbeiterin an der Uni Frankfurt, eine Stelle in der Forschungsgruppe Soziale \u00d6kologie. Dann &#8222;Quereinstieg&#8220; in den Journalismus: Volontariat bei der Frankfurter Neuen Presse, elf Jahre Lokal-Redakteurin im Wetteraukreis, Leiterin der\u00a0 Stadtredaktion Frankfurt der Frankfurter Rundschau. Nach langj\u00e4hriger T\u00e4tigkeit als freie Journalistin sucht sie nun wieder den \u201eQuereinstieg\u201c in ein neues Aufgabengebiet in Kultur, Tourismus, Entwicklungshilfe oder Sozialarbeit.<\/p>\n<p>&nbsp;<\/p>\n<p><span style=\"font-family: Times New Roman,serif;\"><span style=\"font-size: medium;\"><b><a href=\"https:\/\/i0.wp.com\/www.wetterauer-landbote.de\/wp-content\/uploads\/2013\/05\/woell.gif\"><img data-recalc-dims=\"1\" loading=\"lazy\" decoding=\"async\" class=\"alignleft  wp-image-2325\" src=\"https:\/\/i0.wp.com\/www.wetterauer-landbote.de\/wp-content\/uploads\/2013\/05\/woell.gif?resize=122%2C132\" alt=\"woell\" width=\"122\" height=\"132\" \/><\/a><\/b><strong>Ursula W\u00f6ll,<\/strong> n<span style=\"color: #000000;\">ach Handelsschule und B\u00fcroarbeit\u00a0Abitur auf dem 2. Bildungsweg (Abendgymnasium und Hessenkolleg), Studienabschluss als Diplom-Soziologin, dann Zweites Staatsexamen und Arbeit als Lehrerin. Heute\u00a0im &#8222;Ruhestand&#8220; und leidenschaftlich als Journalistin t\u00e4tig. <\/span><\/span><\/span><\/p>\n<p>&nbsp;<\/p>\n<p>&nbsp;<\/p>\n<p><a href=\"https:\/\/i0.wp.com\/www.wetterauer-landbote.de\/wp-content\/uploads\/2013\/05\/IMG_1780.jpg\"><img data-recalc-dims=\"1\" loading=\"lazy\" decoding=\"async\" class=\" wp-image-560 alignleft\" src=\"https:\/\/i0.wp.com\/www.wetterauer-landbote.de\/wp-content\/uploads\/2013\/05\/Klaus.jpg?resize=211%2C200\" alt=\"Klaus\" width=\"211\" height=\"200\" srcset=\"https:\/\/i0.wp.com\/www.wetterauer-landbote.de\/wp-content\/uploads\/2013\/05\/Klaus.jpg?resize=1024%2C968 1024w, https:\/\/i0.wp.com\/www.wetterauer-landbote.de\/wp-content\/uploads\/2013\/05\/Klaus.jpg?resize=300%2C283 300w, https:\/\/i0.wp.com\/www.wetterauer-landbote.de\/wp-content\/uploads\/2013\/05\/Klaus.jpg?resize=317%2C300 317w, https:\/\/i0.wp.com\/www.wetterauer-landbote.de\/wp-content\/uploads\/2013\/05\/Klaus.jpg?w=1168 1168w, https:\/\/i0.wp.com\/www.wetterauer-landbote.de\/wp-content\/uploads\/2013\/05\/Klaus.jpg?w=1752 1752w\" sizes=\"auto, (max-width: 211px) 100vw, 211px\" \/><\/a><strong>Klaus Nissen,<\/strong> Jahrgang 1955, ist Autor f\u00fcr diverse Zeitungen und die Deutsche Presseagentur. Sein Handwerk hat er als Volont\u00e4r und Bezirksredakteur bei der Gie\u00dfener Allgemeinen gelernt. Nach dem Studium der Geschichte und Sinologie in Frankfurt war er Autor f\u00fcr die Frankfurter Neue Presse und f\u00fcr dpa. Von 1990 bis 2013 war der Redakteur bei der Frankfurter Rundschau, zuletzt war er B\u00fcroleiter in Bad Homburg.<\/p>\n<p>&nbsp;<\/p>\n<p><a href=\"https:\/\/i0.wp.com\/www.wetterauer-landbote.de\/wp-content\/uploads\/2013\/05\/IMG_1780.jpg\"><img data-recalc-dims=\"1\" loading=\"lazy\" decoding=\"async\" class=\" wp-image-6 alignleft\" src=\"https:\/\/i0.wp.com\/www.wetterauer-landbote.de\/wp-content\/uploads\/2013\/05\/IMG_1780.jpg?resize=218%2C320\" alt=\"IMG_1780\" width=\"218\" height=\"320\" \/><\/a><strong>Bruno Rieb<\/strong>, Jahrgang 1953, ist freier Journalist. Seine Ausbildung hat er bei einer Zeitung in Nordrhein-.Westfalen gemacht, die &#8222;Der Patriot&#8220; hei\u00dft. Anschlie\u00dfen war er in Berlin f\u00fcr die letzte Mittagszeitung im Einsatz. Das Blatt hie\u00df &#8222;Der Abend&#8220; und erschien t\u00e4glich um die Mittagszeit. 1981 wurde er Redakteur der Frankfurter Rundschau in der Wetterau, bis zu Aufl\u00f6sung der Friedberger Redaktion war sein Arbeitsplatz in der Kreisstadt, danach in Bad Vilbel &#8211; bis zur Insolvenz der FR Ende 2012. Seither arbeitet er als freier Journalist.<\/p>\n<p>&nbsp;<\/p>\n<p>&nbsp;<\/p>\n<p><a href=\"https:\/\/i0.wp.com\/www.wetterauer-landbote.de\/wp-content\/uploads\/2013\/05\/toni.jpg\"><img data-recalc-dims=\"1\" loading=\"lazy\" decoding=\"async\" class=\" wp-image-558 alignleft\" src=\"https:\/\/i0.wp.com\/www.wetterauer-landbote.de\/wp-content\/uploads\/2013\/05\/toni.jpg?resize=220%2C302\" alt=\"toni\" width=\"220\" height=\"302\" \/><\/a><strong>Anton J. Seib,<\/strong> Jahrgang 1953, hat von 1977 an zwei Jahre bei der Augsburger Allgemeinen Zeitung volontiert. Anschlie\u00dfend hat er Deutsche Literaturwissenschaft, Deutsche Sprachwissenschaft und Politikwissenschaft an der Justus Liebig-Universit\u00e4t in Gie\u00dfen studiert. Von 1986 bis Ende 2000 war er Redakteur der Butzbacher Zeitung und anschlie\u00dfend bis 2012 Redakteur der Frankfurter Rundschau in den Redaktionen in Friedberg und Bad Homburg.<\/p>\n<p>&nbsp;<\/p>\n<p>&nbsp;<\/p>\n<p><a href=\"https:\/\/i0.wp.com\/www.wetterauer-landbote.de\/wp-content\/uploads\/2014\/10\/Schmidt.gif\"><img data-recalc-dims=\"1\" loading=\"lazy\" decoding=\"async\" class=\"alignleft  wp-image-1511\" src=\"https:\/\/i0.wp.com\/www.wetterauer-landbote.de\/wp-content\/uploads\/2014\/10\/Schmidt.gif?resize=218%2C237\" alt=\"Schmidt\" width=\"218\" height=\"237\" \/><\/a><strong>J\u00f6rg-Peter Schmidt,<\/strong> Jahrgang 1953, absolvierte in der Kanzlei K\u00f6hler in Gie\u00dfen eine Ausbildung als Rechtsanwalts- und Notarsgehilfe und arbeitete nach erfolgreichem Abschluss in der Kanzlei Gutschmidt (Gie\u00dfen). Es folgte das Abitur auf dem Abendgymnasium und freie Mitarbeit bei Zeitungen. Zun\u00e4chst schrieb er Filmkritiken beim Gie\u00dfener Anzeiger, dann Artikel f\u00fcr die Gie\u00dfener Allgemeine Zeitung, bei der er nach dem Volontariat fest angestellt wurde. F\u00fcr diese Zeitung arbeitete er in der Kreisredaktion bis 2012 insgesamt 35 Jahre. Seitdem macht er die Pressearbeit f\u00fcr die \u201ePhantastische Bibliothek\u201c Wetzlar, die unter anderem zu Vortr\u00e4gen, Kunstausstellungen und Konzerten einl\u00e4dt.<\/p>\n<p>&nbsp;<\/p>\n","protected":false},"excerpt":{"rendered":"<p>Aufdecken, dran bleiben, weiter machen&#8230; Hier entsteht eine Internet-Zeitung. Wir, vier ehemalige Besch\u00e4ftigte der Frankfurter Rundschau, wollen eine L\u00fccke in der regionalen Medienlandschaft schlie\u00dfen.Wir wollen aufdecken, dran bleiben und dort weiter machen, wo andere aufh\u00f6ren. Hier sollen Sie lesen, was &hellip; <a href=\"http:\/\/www.wetterauer-landbote.de\/?page_id=69\">Weiterlesen <span class=\"meta-nav\">&rarr;<\/span><\/a><\/p>\n","protected":false},"author":1,"featured_media":0,"parent":0,"menu_order":0,"comment_status":"open","ping_status":"open","template":"","meta":{"footnotes":""},"class_list":["post-69","page","type-page","status-publish","hentry"],"yoast_head":"<!-- This site is optimized with the Yoast SEO plugin v27.0 - https:\/\/yoast.com\/product\/yoast-seo-wordpress\/ -->\n<title>Was soll das? - Wetterauer-Landbote<\/title>\n<meta name=\"description\" content=\"Ex-Besch\u00e4ftigte der Frankfurter Rundschau bauen eine Internetzeitung auf. Was soll das? Sie wollen eine L\u00fccke in der regionalen Medienlandschaft schlie\u00dfen.\" \/>\n<meta name=\"robots\" content=\"index, follow, max-snippet:-1, max-image-preview:large, max-video-preview:-1\" \/>\n<link rel=\"canonical\" href=\"http:\/\/www.wetterauer-landbote.de\/?page_id=69\" \/>\n<meta property=\"og:locale\" content=\"de_DE\" \/>\n<meta property=\"og:type\" content=\"article\" \/>\n<meta property=\"og:title\" content=\"Was soll das? - Wetterauer-Landbote\" \/>\n<meta property=\"og:description\" content=\"Ex-Besch\u00e4ftigte der Frankfurter Rundschau bauen eine Internetzeitung auf. Was soll das? Sie wollen eine L\u00fccke in der regionalen Medienlandschaft schlie\u00dfen.\" \/>\n<meta property=\"og:url\" content=\"http:\/\/www.wetterauer-landbote.de\/?page_id=69\" \/>\n<meta property=\"og:site_name\" content=\"Wetterauer-Landbote\" \/>\n<meta property=\"article:modified_time\" content=\"2015-02-26T11:22:59+00:00\" \/>\n<meta property=\"og:image\" content=\"http:\/\/www.wetterauer-landbote.de\/wp-content\/uploads\/2013\/05\/Jutta-839x1024.jpg\" \/>\n<meta name=\"twitter:label1\" content=\"Gesch\u00e4tzte Lesezeit\" \/>\n\t<meta name=\"twitter:data1\" content=\"3\u00a0Minuten\" \/>\n<script type=\"application\/ld+json\" class=\"yoast-schema-graph\">{\"@context\":\"https:\/\/schema.org\",\"@graph\":[{\"@type\":\"WebPage\",\"@id\":\"http:\/\/www.wetterauer-landbote.de\/?page_id=69\",\"url\":\"http:\/\/www.wetterauer-landbote.de\/?page_id=69\",\"name\":\"Was soll das? - Wetterauer-Landbote\",\"isPartOf\":{\"@id\":\"http:\/\/www.wetterauer-landbote.de\/#website\"},\"primaryImageOfPage\":{\"@id\":\"http:\/\/www.wetterauer-landbote.de\/?page_id=69#primaryimage\"},\"image\":{\"@id\":\"http:\/\/www.wetterauer-landbote.de\/?page_id=69#primaryimage\"},\"thumbnailUrl\":\"http:\/\/www.wetterauer-landbote.de\/wp-content\/uploads\/2013\/05\/Jutta-839x1024.jpg\",\"datePublished\":\"2013-05-28T10:39:44+00:00\",\"dateModified\":\"2015-02-26T11:22:59+00:00\",\"description\":\"Ex-Besch\u00e4ftigte der Frankfurter Rundschau bauen eine Internetzeitung auf. Was soll das? Sie wollen eine L\u00fccke in der regionalen Medienlandschaft schlie\u00dfen.\",\"breadcrumb\":{\"@id\":\"http:\/\/www.wetterauer-landbote.de\/?page_id=69#breadcrumb\"},\"inLanguage\":\"de\",\"potentialAction\":[{\"@type\":\"ReadAction\",\"target\":[\"http:\/\/www.wetterauer-landbote.de\/?page_id=69\"]}]},{\"@type\":\"ImageObject\",\"inLanguage\":\"de\",\"@id\":\"http:\/\/www.wetterauer-landbote.de\/?page_id=69#primaryimage\",\"url\":\"https:\/\/i0.wp.com\/www.wetterauer-landbote.de\/wp-content\/uploads\/2013\/05\/Jutta.jpg?fit=2328%2C2841\",\"contentUrl\":\"https:\/\/i0.wp.com\/www.wetterauer-landbote.de\/wp-content\/uploads\/2013\/05\/Jutta.jpg?fit=2328%2C2841\",\"width\":2328,\"height\":2841},{\"@type\":\"BreadcrumbList\",\"@id\":\"http:\/\/www.wetterauer-landbote.de\/?page_id=69#breadcrumb\",\"itemListElement\":[{\"@type\":\"ListItem\",\"position\":1,\"name\":\"Home\",\"item\":\"http:\/\/www.wetterauer-landbote.de\/\"},{\"@type\":\"ListItem\",\"position\":2,\"name\":\"Was soll das?\"}]},{\"@type\":\"WebSite\",\"@id\":\"http:\/\/www.wetterauer-landbote.de\/#website\",\"url\":\"http:\/\/www.wetterauer-landbote.de\/\",\"name\":\"Wetterauer-Landbote\",\"description\":\"\",\"potentialAction\":[{\"@type\":\"SearchAction\",\"target\":{\"@type\":\"EntryPoint\",\"urlTemplate\":\"http:\/\/www.wetterauer-landbote.de\/?s={search_term_string}\"},\"query-input\":{\"@type\":\"PropertyValueSpecification\",\"valueRequired\":true,\"valueName\":\"search_term_string\"}}],\"inLanguage\":\"de\"}]}<\/script>\n<!-- \/ Yoast SEO plugin. -->","yoast_head_json":{"title":"Was soll das? - Wetterauer-Landbote","description":"Ex-Besch\u00e4ftigte der Frankfurter Rundschau bauen eine Internetzeitung auf. Was soll das? Sie wollen eine L\u00fccke in der regionalen Medienlandschaft schlie\u00dfen.","robots":{"index":"index","follow":"follow","max-snippet":"max-snippet:-1","max-image-preview":"max-image-preview:large","max-video-preview":"max-video-preview:-1"},"canonical":"http:\/\/www.wetterauer-landbote.de\/?page_id=69","og_locale":"de_DE","og_type":"article","og_title":"Was soll das? - Wetterauer-Landbote","og_description":"Ex-Besch\u00e4ftigte der Frankfurter Rundschau bauen eine Internetzeitung auf. Was soll das? Sie wollen eine L\u00fccke in der regionalen Medienlandschaft schlie\u00dfen.","og_url":"http:\/\/www.wetterauer-landbote.de\/?page_id=69","og_site_name":"Wetterauer-Landbote","article_modified_time":"2015-02-26T11:22:59+00:00","og_image":[{"url":"http:\/\/www.wetterauer-landbote.de\/wp-content\/uploads\/2013\/05\/Jutta-839x1024.jpg","type":"","width":"","height":""}],"twitter_misc":{"Gesch\u00e4tzte Lesezeit":"3\u00a0Minuten"},"schema":{"@context":"https:\/\/schema.org","@graph":[{"@type":"WebPage","@id":"http:\/\/www.wetterauer-landbote.de\/?page_id=69","url":"http:\/\/www.wetterauer-landbote.de\/?page_id=69","name":"Was soll das? - Wetterauer-Landbote","isPartOf":{"@id":"http:\/\/www.wetterauer-landbote.de\/#website"},"primaryImageOfPage":{"@id":"http:\/\/www.wetterauer-landbote.de\/?page_id=69#primaryimage"},"image":{"@id":"http:\/\/www.wetterauer-landbote.de\/?page_id=69#primaryimage"},"thumbnailUrl":"http:\/\/www.wetterauer-landbote.de\/wp-content\/uploads\/2013\/05\/Jutta-839x1024.jpg","datePublished":"2013-05-28T10:39:44+00:00","dateModified":"2015-02-26T11:22:59+00:00","description":"Ex-Besch\u00e4ftigte der Frankfurter Rundschau bauen eine Internetzeitung auf. Was soll das? Sie wollen eine L\u00fccke in der regionalen Medienlandschaft schlie\u00dfen.","breadcrumb":{"@id":"http:\/\/www.wetterauer-landbote.de\/?page_id=69#breadcrumb"},"inLanguage":"de","potentialAction":[{"@type":"ReadAction","target":["http:\/\/www.wetterauer-landbote.de\/?page_id=69"]}]},{"@type":"ImageObject","inLanguage":"de","@id":"http:\/\/www.wetterauer-landbote.de\/?page_id=69#primaryimage","url":"https:\/\/i0.wp.com\/www.wetterauer-landbote.de\/wp-content\/uploads\/2013\/05\/Jutta.jpg?fit=2328%2C2841","contentUrl":"https:\/\/i0.wp.com\/www.wetterauer-landbote.de\/wp-content\/uploads\/2013\/05\/Jutta.jpg?fit=2328%2C2841","width":2328,"height":2841},{"@type":"BreadcrumbList","@id":"http:\/\/www.wetterauer-landbote.de\/?page_id=69#breadcrumb","itemListElement":[{"@type":"ListItem","position":1,"name":"Home","item":"http:\/\/www.wetterauer-landbote.de\/"},{"@type":"ListItem","position":2,"name":"Was soll das?"}]},{"@type":"WebSite","@id":"http:\/\/www.wetterauer-landbote.de\/#website","url":"http:\/\/www.wetterauer-landbote.de\/","name":"Wetterauer-Landbote","description":"","potentialAction":[{"@type":"SearchAction","target":{"@type":"EntryPoint","urlTemplate":"http:\/\/www.wetterauer-landbote.de\/?s={search_term_string}"},"query-input":{"@type":"PropertyValueSpecification","valueRequired":true,"valueName":"search_term_string"}}],"inLanguage":"de"}]}},"jetpack_sharing_enabled":true,"jetpack_likes_enabled":true,"_links":{"self":[{"href":"http:\/\/www.wetterauer-landbote.de\/index.php?rest_route=\/wp\/v2\/pages\/69","targetHints":{"allow":["GET"]}}],"collection":[{"href":"http:\/\/www.wetterauer-landbote.de\/index.php?rest_route=\/wp\/v2\/pages"}],"about":[{"href":"http:\/\/www.wetterauer-landbote.de\/index.php?rest_route=\/wp\/v2\/types\/page"}],"author":[{"embeddable":true,"href":"http:\/\/www.wetterauer-landbote.de\/index.php?rest_route=\/wp\/v2\/users\/1"}],"replies":[{"embeddable":true,"href":"http:\/\/www.wetterauer-landbote.de\/index.php?rest_route=%2Fwp%2Fv2%2Fcomments&post=69"}],"version-history":[{"count":8,"href":"http:\/\/www.wetterauer-landbote.de\/index.php?rest_route=\/wp\/v2\/pages\/69\/revisions"}],"predecessor-version":[{"id":2326,"href":"http:\/\/www.wetterauer-landbote.de\/index.php?rest_route=\/wp\/v2\/pages\/69\/revisions\/2326"}],"wp:attachment":[{"href":"http:\/\/www.wetterauer-landbote.de\/index.php?rest_route=%2Fwp%2Fv2%2Fmedia&parent=69"}],"curies":[{"name":"wp","href":"https:\/\/api.w.org\/{rel}","templated":true}]}}