{"id":577,"date":"2014-01-12T19:09:25","date_gmt":"2014-01-12T17:09:25","guid":{"rendered":"http:\/\/www.wetterauer-landbote.de\/?page_id=577"},"modified":"2014-01-19T20:53:28","modified_gmt":"2014-01-19T18:53:28","slug":"zuendstoff","status":"publish","type":"page","link":"http:\/\/www.wetterauer-landbote.de\/?page_id=577","title":{"rendered":"Z\u00fcndstoff"},"content":{"rendered":"<h1>Ladratswahl abschaffen<\/h1>\n<p>Von Bruno Rieb<\/p>\n<p>Joachim Arnold (SPD) hat die Wetterauer Landratswahl zwar auf Anhieb gewonnen, glorreich ist dieser Sieg aber nicht. Die Wahlbeteiligung liegt unter 30 Prozent. Das bedeutet, dass der Landrat von nur etwa 15 Prozent der Wahlberechtigten f\u00fcr weitere sechs Jahre auf den Chefsessel im Friedberger Kreishaus gehoben wurde.<\/p>\n<p>Wer die Kreisverwaltung managt, interessiert die B\u00fcrger offenbar wenig. Die teure Wahl kann ruhig abgeschafft werden und das Geld daf\u00fcr in soziale Projekte flie\u00dfen. Sie t\u00e4uscht ohnehin mehr politische Macht des Landrates vor als er tats\u00e4chlich hat.<\/p>\n<h1><\/h1>\n<h1><\/h1>\n<h1>Langweilige Landratswahl<\/h1>\n<p><strong>Von Bruno Rieb<\/strong><\/p>\n<p>Wie einer dieser\u00a0 Bodensee-Tatorte pl\u00e4tschert die Wetterauer Landratswahl dahin: spannungsarm und langweilig. Wer zweifelt daran, dass der neue Landrat nach dem 19. Januar der alte ist? Amtsinhaber Joachim Arnold geht davon aus, dass er gleich im ersten Wahlgang die absolute Mehrheit holt. Der Sozialdemokrat kann siegesgewiss sein, denn die Union f\u00fchrt einen Wahlkampf auf Sparflamme. Sie scheint selbst nicht an einen Sieg ihres (Verlegenheits-)Kandidaten Thorsten Herrmann zu glauben und will offenbar wenig Geld in den Sand setzen.<\/p>\n<p><a href=\"https:\/\/i0.wp.com\/www.wetterauer-landbote.de\/wp-content\/uploads\/2014\/01\/landratswahl.jpg\"><img data-recalc-dims=\"1\" loading=\"lazy\" decoding=\"async\" class=\"alignnone size-large wp-image-578\" alt=\"landratswahl\" src=\"https:\/\/i0.wp.com\/www.wetterauer-landbote.de\/wp-content\/uploads\/2014\/01\/landratswahl.jpg?resize=583%2C896\" width=\"583\" height=\"896\" \/><\/a><\/p>\n<h6>Zwei zu eins f\u00fcr Landrat Joachim Arnold. So wie diese in Gambach sehen die meisten Plakatw\u00e4nde in der Wetterau aus. (Foto: Bruno Rieb)<\/h6>\n<p>Wie soll ein Kandidat, der als B\u00fcrgermeister in Bensheim gescheitert ist, einen erfolgreichen Landrat vom Chefsessel in der Kreisverwaltung sto\u00dfen? Dass die Wetterauer Union keinen Kandidaten, keine Kandidatin in den eigenen Reihen gefunden hat, spricht B\u00e4nde. Interessant ist das Abschneiden der Linken-Kandidaten Werner Schulz. Die Stimmen f\u00fcr ihn k\u00f6nnen als Proteststimmen gegen den Sparkurs der Ampelkoalition im Kreistag gewertet werden. Er ist so etwas wie der sozialpolitische Seismograph dieser Wahl.<\/p>\n<p>Geht die Wahlbeteiligung angesichts der spannungsarmen Entscheidung weiter in der Keller. Die hatte bei der Stichwahl vor sechs Jahren mit 36,5 Prozent schon einen Tiefpunkt erreicht. Und damals war die Entscheidung zwischen Arnold und seinem damaligen christdemokratischen Gegner Oswin Veith h\u00f6chst spannend. Arnold siegte mit nur 775 Stimmen Vorsprung. Veith, der damals noch angedeutet hatte, zur Revanche bereit zu stehen, ist in Richtung Berlin gefl\u00fcchtet &#8211; er wusste wohl, warum.<\/p>\n","protected":false},"excerpt":{"rendered":"<p>Ladratswahl abschaffen Von Bruno Rieb Joachim Arnold (SPD) hat die Wetterauer Landratswahl zwar auf Anhieb gewonnen, glorreich ist dieser Sieg aber nicht. Die Wahlbeteiligung liegt unter 30 Prozent. Das bedeutet, dass der Landrat von nur etwa 15 Prozent der Wahlberechtigten &hellip; <a href=\"http:\/\/www.wetterauer-landbote.de\/?page_id=577\">Weiterlesen <span class=\"meta-nav\">&rarr;<\/span><\/a><\/p>\n","protected":false},"author":1,"featured_media":0,"parent":0,"menu_order":0,"comment_status":"open","ping_status":"open","template":"","meta":{"footnotes":""},"class_list":["post-577","page","type-page","status-publish","hentry"],"yoast_head":"<!-- This site is optimized with the Yoast SEO plugin v27.0 - https:\/\/yoast.com\/product\/yoast-seo-wordpress\/ -->\n<title>Z\u00fcndstoff - Wetterauer-Landbote<\/title>\n<meta name=\"description\" content=\"Wie einer dieser Bodensee-Tatorte pl\u00e4tschert die Wetterauer Landratswahl dahin: spannungsarm und langweilig. Der Sieger steht l\u00e4ngst fest: Amtsinhaber Joachim Arnold (SPD).\" \/>\n<meta name=\"robots\" content=\"index, follow, max-snippet:-1, max-image-preview:large, max-video-preview:-1\" \/>\n<link rel=\"canonical\" href=\"http:\/\/www.wetterauer-landbote.de\/?page_id=577\" \/>\n<meta property=\"og:locale\" content=\"de_DE\" \/>\n<meta property=\"og:type\" content=\"article\" \/>\n<meta property=\"og:title\" content=\"Z\u00fcndstoff - Wetterauer-Landbote\" \/>\n<meta property=\"og:description\" content=\"Wie einer dieser Bodensee-Tatorte pl\u00e4tschert die Wetterauer Landratswahl dahin: spannungsarm und langweilig. Der Sieger steht l\u00e4ngst fest: Amtsinhaber Joachim Arnold (SPD).\" \/>\n<meta property=\"og:url\" content=\"http:\/\/www.wetterauer-landbote.de\/?page_id=577\" \/>\n<meta property=\"og:site_name\" content=\"Wetterauer-Landbote\" \/>\n<meta property=\"article:modified_time\" content=\"2014-01-19T18:53:28+00:00\" \/>\n<meta property=\"og:image\" content=\"http:\/\/www.wetterauer-landbote.de\/wp-content\/uploads\/2014\/01\/landratswahl-659x1024.jpg\" \/>\n<meta name=\"twitter:label1\" content=\"Gesch\u00e4tzte Lesezeit\" \/>\n\t<meta name=\"twitter:data1\" content=\"2\u00a0Minuten\" \/>\n<script type=\"application\/ld+json\" class=\"yoast-schema-graph\">{\"@context\":\"https:\/\/schema.org\",\"@graph\":[{\"@type\":\"WebPage\",\"@id\":\"http:\/\/www.wetterauer-landbote.de\/?page_id=577\",\"url\":\"http:\/\/www.wetterauer-landbote.de\/?page_id=577\",\"name\":\"Z\u00fcndstoff - Wetterauer-Landbote\",\"isPartOf\":{\"@id\":\"https:\/\/www.wetterauer-landbote.de\/#website\"},\"primaryImageOfPage\":{\"@id\":\"http:\/\/www.wetterauer-landbote.de\/?page_id=577#primaryimage\"},\"image\":{\"@id\":\"http:\/\/www.wetterauer-landbote.de\/?page_id=577#primaryimage\"},\"thumbnailUrl\":\"http:\/\/www.wetterauer-landbote.de\/wp-content\/uploads\/2014\/01\/landratswahl-659x1024.jpg\",\"datePublished\":\"2014-01-12T17:09:25+00:00\",\"dateModified\":\"2014-01-19T18:53:28+00:00\",\"description\":\"Wie einer dieser Bodensee-Tatorte pl\u00e4tschert die Wetterauer Landratswahl dahin: spannungsarm und langweilig. Der Sieger steht l\u00e4ngst fest: Amtsinhaber Joachim Arnold (SPD).\",\"breadcrumb\":{\"@id\":\"http:\/\/www.wetterauer-landbote.de\/?page_id=577#breadcrumb\"},\"inLanguage\":\"de\",\"potentialAction\":[{\"@type\":\"ReadAction\",\"target\":[\"http:\/\/www.wetterauer-landbote.de\/?page_id=577\"]}]},{\"@type\":\"ImageObject\",\"inLanguage\":\"de\",\"@id\":\"http:\/\/www.wetterauer-landbote.de\/?page_id=577#primaryimage\",\"url\":\"https:\/\/i0.wp.com\/www.wetterauer-landbote.de\/wp-content\/uploads\/2014\/01\/landratswahl.jpg?fit=1180%2C1832\",\"contentUrl\":\"https:\/\/i0.wp.com\/www.wetterauer-landbote.de\/wp-content\/uploads\/2014\/01\/landratswahl.jpg?fit=1180%2C1832\",\"width\":1180,\"height\":1832},{\"@type\":\"BreadcrumbList\",\"@id\":\"http:\/\/www.wetterauer-landbote.de\/?page_id=577#breadcrumb\",\"itemListElement\":[{\"@type\":\"ListItem\",\"position\":1,\"name\":\"Home\",\"item\":\"https:\/\/www.wetterauer-landbote.de\/\"},{\"@type\":\"ListItem\",\"position\":2,\"name\":\"Z\u00fcndstoff\"}]},{\"@type\":\"WebSite\",\"@id\":\"https:\/\/www.wetterauer-landbote.de\/#website\",\"url\":\"https:\/\/www.wetterauer-landbote.de\/\",\"name\":\"Wetterauer-Landbote\",\"description\":\"\",\"potentialAction\":[{\"@type\":\"SearchAction\",\"target\":{\"@type\":\"EntryPoint\",\"urlTemplate\":\"https:\/\/www.wetterauer-landbote.de\/?s={search_term_string}\"},\"query-input\":{\"@type\":\"PropertyValueSpecification\",\"valueRequired\":true,\"valueName\":\"search_term_string\"}}],\"inLanguage\":\"de\"}]}<\/script>\n<!-- \/ Yoast SEO plugin. -->","yoast_head_json":{"title":"Z\u00fcndstoff - Wetterauer-Landbote","description":"Wie einer dieser Bodensee-Tatorte pl\u00e4tschert die Wetterauer Landratswahl dahin: spannungsarm und langweilig. Der Sieger steht l\u00e4ngst fest: Amtsinhaber Joachim Arnold (SPD).","robots":{"index":"index","follow":"follow","max-snippet":"max-snippet:-1","max-image-preview":"max-image-preview:large","max-video-preview":"max-video-preview:-1"},"canonical":"http:\/\/www.wetterauer-landbote.de\/?page_id=577","og_locale":"de_DE","og_type":"article","og_title":"Z\u00fcndstoff - Wetterauer-Landbote","og_description":"Wie einer dieser Bodensee-Tatorte pl\u00e4tschert die Wetterauer Landratswahl dahin: spannungsarm und langweilig. Der Sieger steht l\u00e4ngst fest: Amtsinhaber Joachim Arnold (SPD).","og_url":"http:\/\/www.wetterauer-landbote.de\/?page_id=577","og_site_name":"Wetterauer-Landbote","article_modified_time":"2014-01-19T18:53:28+00:00","og_image":[{"url":"http:\/\/www.wetterauer-landbote.de\/wp-content\/uploads\/2014\/01\/landratswahl-659x1024.jpg","type":"","width":"","height":""}],"twitter_misc":{"Gesch\u00e4tzte Lesezeit":"2\u00a0Minuten"},"schema":{"@context":"https:\/\/schema.org","@graph":[{"@type":"WebPage","@id":"http:\/\/www.wetterauer-landbote.de\/?page_id=577","url":"http:\/\/www.wetterauer-landbote.de\/?page_id=577","name":"Z\u00fcndstoff - Wetterauer-Landbote","isPartOf":{"@id":"https:\/\/www.wetterauer-landbote.de\/#website"},"primaryImageOfPage":{"@id":"http:\/\/www.wetterauer-landbote.de\/?page_id=577#primaryimage"},"image":{"@id":"http:\/\/www.wetterauer-landbote.de\/?page_id=577#primaryimage"},"thumbnailUrl":"http:\/\/www.wetterauer-landbote.de\/wp-content\/uploads\/2014\/01\/landratswahl-659x1024.jpg","datePublished":"2014-01-12T17:09:25+00:00","dateModified":"2014-01-19T18:53:28+00:00","description":"Wie einer dieser Bodensee-Tatorte pl\u00e4tschert die Wetterauer Landratswahl dahin: spannungsarm und langweilig. Der Sieger steht l\u00e4ngst fest: Amtsinhaber Joachim Arnold (SPD).","breadcrumb":{"@id":"http:\/\/www.wetterauer-landbote.de\/?page_id=577#breadcrumb"},"inLanguage":"de","potentialAction":[{"@type":"ReadAction","target":["http:\/\/www.wetterauer-landbote.de\/?page_id=577"]}]},{"@type":"ImageObject","inLanguage":"de","@id":"http:\/\/www.wetterauer-landbote.de\/?page_id=577#primaryimage","url":"https:\/\/i0.wp.com\/www.wetterauer-landbote.de\/wp-content\/uploads\/2014\/01\/landratswahl.jpg?fit=1180%2C1832","contentUrl":"https:\/\/i0.wp.com\/www.wetterauer-landbote.de\/wp-content\/uploads\/2014\/01\/landratswahl.jpg?fit=1180%2C1832","width":1180,"height":1832},{"@type":"BreadcrumbList","@id":"http:\/\/www.wetterauer-landbote.de\/?page_id=577#breadcrumb","itemListElement":[{"@type":"ListItem","position":1,"name":"Home","item":"https:\/\/www.wetterauer-landbote.de\/"},{"@type":"ListItem","position":2,"name":"Z\u00fcndstoff"}]},{"@type":"WebSite","@id":"https:\/\/www.wetterauer-landbote.de\/#website","url":"https:\/\/www.wetterauer-landbote.de\/","name":"Wetterauer-Landbote","description":"","potentialAction":[{"@type":"SearchAction","target":{"@type":"EntryPoint","urlTemplate":"https:\/\/www.wetterauer-landbote.de\/?s={search_term_string}"},"query-input":{"@type":"PropertyValueSpecification","valueRequired":true,"valueName":"search_term_string"}}],"inLanguage":"de"}]}},"jetpack_sharing_enabled":true,"jetpack_likes_enabled":true,"_links":{"self":[{"href":"http:\/\/www.wetterauer-landbote.de\/index.php?rest_route=\/wp\/v2\/pages\/577","targetHints":{"allow":["GET"]}}],"collection":[{"href":"http:\/\/www.wetterauer-landbote.de\/index.php?rest_route=\/wp\/v2\/pages"}],"about":[{"href":"http:\/\/www.wetterauer-landbote.de\/index.php?rest_route=\/wp\/v2\/types\/page"}],"author":[{"embeddable":true,"href":"http:\/\/www.wetterauer-landbote.de\/index.php?rest_route=\/wp\/v2\/users\/1"}],"replies":[{"embeddable":true,"href":"http:\/\/www.wetterauer-landbote.de\/index.php?rest_route=%2Fwp%2Fv2%2Fcomments&post=577"}],"version-history":[{"count":3,"href":"http:\/\/www.wetterauer-landbote.de\/index.php?rest_route=\/wp\/v2\/pages\/577\/revisions"}],"predecessor-version":[{"id":598,"href":"http:\/\/www.wetterauer-landbote.de\/index.php?rest_route=\/wp\/v2\/pages\/577\/revisions\/598"}],"wp:attachment":[{"href":"http:\/\/www.wetterauer-landbote.de\/index.php?rest_route=%2Fwp%2Fv2%2Fmedia&parent=577"}],"curies":[{"name":"wp","href":"https:\/\/api.w.org\/{rel}","templated":true}]}}