{"id":570,"date":"2014-01-12T18:32:52","date_gmt":"2014-01-12T16:32:52","guid":{"rendered":"http:\/\/www.wetterauer-landbote.de\/?page_id=570"},"modified":"2014-01-12T18:32:52","modified_gmt":"2014-01-12T16:32:52","slug":"tellerrand","status":"publish","type":"page","link":"http:\/\/www.wetterauer-landbote.de\/?page_id=570","title":{"rendered":"Tellerrand"},"content":{"rendered":"<h2>Mensch achte den Menschen<br \/>\nEin historischer Beitrag zum Thema &#8222;Sterbehilfe&#8220;<\/h2>\n<p><strong>von Ursula W\u00f6ll<\/strong><\/p>\n<p>Am 13. Januar 1941, vor 73 Jahren, begannen die &#8222;Euthanasie&#8220;-Morde in Hadamar bei Limburg. Einer der grauen Gekrat-Busse mit den \u00fcberstrichenen Scheiben transportierte 30 Menschen auf den M\u00f6nchsberg. In der Durchgangsanstalt Eichberg, einer von vielen, hatte man sie zum Einsteigen gezwungen. Auf dem M\u00f6nchsberg angekommen, fuhr der Bus direkt in die gro\u00dfe Holzgarage. Die Frauen und M\u00e4nner mussten aussteigen und durch den angeschlossenen Gang in das Geb\u00e4ude nebenan laufen, wo sie angeblich untersucht werden sollten. Nach ihrer Registrierung ging es die 16 Treppenstufen hinab in den Vergasungsraum zum &#8222;Duschen&#8220;. Ihre Leichen fuhr man nach der Entl\u00fcftung auf einer Lohre zu den beiden Verbrennungs\u00f6fen. \u00dcber 10000 Patienten aus psychiatrischen Anstalten wurden auf diese Weise allein in Hadamar umgebracht.<\/p>\n<p>http:\/\/youtu.be\/GIExyqd1QV8<\/p>\n<p>Das T\u00f6tungsteam kam zum Teil aus Grafeneck auf der Schw\u00e4bischen Alb, wo ein Jahr zuvor, am 18. Januar 1940 die sogenannte &#8222;Euthanasie&#8220; begonnen hatte. Schon hier waren \u00fcber 10000 Menschen aus regionalen Anstalten in Rauch aufgegangen. &#8222;Man kann nicht sagen, dass die Transporte in Ruhe abgegangen sind. So hat einmal ein Kranker geschrien, er wolle der Welt verk\u00fcnden, was vor sich gehe. Ein anderer ist vor den Omnibussen niedergekniet und hat gefleht, man solle ihn doch dalassen&#8220;, so sagte ein Oberpfleger der Durchgangsanstalt Winnenden nach 1945 aus. Auch in Sonnenstein bei Pirna, in Bernsburg bei Magdeburg, in Brandenburg und in Hartheim bei Linz wurden geistig Behinderte und psychisch Kranke flie\u00dfbandm\u00e4\u00dfig get\u00f6tet, standesamtlich ausgestrichen und in Urnen an die Angeh\u00f6rigen geschickt.<\/p>\n<h2>Euthanasie-Morde in Hadamar<\/h2>\n<p>Der systematische Mord war einer Nazi-Sonderbeh\u00f6rde unterstellt, die in einer Villa in der Berliner Tiergartenstra\u00dfe 4 residierte. Mitten unter der Wohnbev\u00f6lkerung vergasten \u00c4rzte und Pflegepersonal der &#8222;Aktion T 4&#8220; in den Jahren 1940\/41 \u00fcber 100000 Menschen und sammelten damit auch Erfahrung f\u00fcr den nachfolgenden Holocaust. Und selbst nach der f\u00f6rmlichen Einstellung in den sechs zentralen T\u00f6tungsanstalten kamen noch Zigtausende in den Heilanstalten um, die man verhungern lie\u00df oder abspritzte, um Platz f\u00fcr verwundete Soldaten zu schaffen.<\/p>\n<p>In Hadamar ist die T\u00f6tungsmaschinerie als Gedenkst\u00e4tte konserviert. Von der gro\u00dfen Holzgarage mit originalen Bretterw\u00e4nden bis hin zum Verbrennungsofen werden jeden 1. Sonntag im Monat F\u00fchrungen angeboten. Heute k\u00f6nnen Besucher also\u00a0freiwillig anreisen und zuletzt \u00fcber die Treppe hinauf erleichtert wieder ins Freie gelangen. Es will nicht gelingen, sich die auswegslose Angst vorzustellen, die vor nur 73 Jahren Tag f\u00fcr Tag die Wehrlosen auf diesem Gang empfanden, die man nicht t\u00e4uschen konnte. Auch die Einwohner wussten um die systematischen Morde mitten unter ihnen. Die vielen Kohlelieferungen, der t\u00e4gliche schwarze Rauch, die grauen Busse. Die Alten f\u00fcrchteten: &#8222;Nach den Schwachsinnigen kommen die Alten als unn\u00fctze Esser an die Reihe.&#8220; Die NS-Propaganda selbst hatte diese F\u00e4hrte gelegt. Auf einem in Hadamar ausgestellten Plakat wird ein starker Arbeiter, der zwei Missgestalten schultert, so kommentiert: &#8222;Hier tr\u00e4gst Du mit. Ein Erbkranker kostet bis zur Erreichung des 60. Lebensjahres im Durchschnitt 50000 RM.&#8220;<\/p>\n<p>Nach der Predigt des M\u00fcnsteraner Bischofs von Galen am 3. August 1941 wuchs die Unruhe. Wohl deshalb wurden am 24. August 1941 nach einem m\u00fcndlichen Befehl Hitlers die Gasmorde in den T-4-Anstalten eingestellt. Aus der Rede des mutigen Bischofs: &#8222;Wenn einmal zugegeben wird, &#8218;unproduktive&#8216; Mitmenschen zu t\u00f6ten &#8211; und wenn es jetzt auch nur arme, wehrlose Geisteskranke trifft -, dann ist grunds\u00e4tzlich der Mord an allen unproduktiven Menschen, also an den unheilbar Kranken, den Invaliden der Arbeit und des Krieges, dann ist der Mord an uns allen, wenn wir alt und altersschwach und damit unproduktiv werden, freigegeben.&#8220; Die F\u00fchrung in Hadamar endet vor einem Obelisken mit der Mahnung &#8222;Mensch achte den Menschen&#8220;.<\/p>\n<p>Sicher wird sich solcher Massenmord k\u00fcnftig nicht wiederholen. Aber wenn das Verbot der Sterbhilfe gelockert wird: Wer garantiert dann, dass nicht irgendwann ein Druck auf Alte und Kranke entsteht, sich endlich umbringen zu lassen, und dass die Hilflosen selbst so denken, um nicht weiter &#8222;zur Last&#8220; zu fallen<\/p>\n<p><a href=\"http:\/\/www.gedenkstaette-hadamar.de\/?page_id=550\" target=\"blank\">www.gedenkstaette-hadamar.de<\/a>, ge\u00f6ffnet dienstags bis donnerstags 9 &#8211; 16 h, freitags 9 &#8211; 13 h, F\u00fchrungen jeden 1. Sonntag im Monat<\/p>\n","protected":false},"excerpt":{"rendered":"<p>Mensch achte den Menschen Ein historischer Beitrag zum Thema &#8222;Sterbehilfe&#8220; von Ursula W\u00f6ll Am 13. Januar 1941, vor 73 Jahren, begannen die &#8222;Euthanasie&#8220;-Morde in Hadamar bei Limburg. Einer der grauen Gekrat-Busse mit den \u00fcberstrichenen Scheiben transportierte 30 Menschen auf den &hellip; <a href=\"http:\/\/www.wetterauer-landbote.de\/?page_id=570\">Weiterlesen <span class=\"meta-nav\">&rarr;<\/span><\/a><\/p>\n","protected":false},"author":1,"featured_media":0,"parent":0,"menu_order":0,"comment_status":"open","ping_status":"open","template":"","meta":{"footnotes":""},"class_list":["post-570","page","type-page","status-publish","hentry"],"yoast_head":"<!-- This site is optimized with the Yoast SEO plugin v27.0 - https:\/\/yoast.com\/product\/yoast-seo-wordpress\/ -->\n<title>Tellerrand - Wetterauer-Landbote<\/title>\n<meta name=\"description\" content=\"Am 13. Januar 1941, vor 73 Jahren, begannen die Euthanasie-Morde in Hadamar bei Limburg. Ein Gekrat-Bus transportierte 30 Menschen auf den M\u00f6nchsberg.\" \/>\n<meta name=\"robots\" content=\"index, follow, max-snippet:-1, max-image-preview:large, max-video-preview:-1\" \/>\n<link rel=\"canonical\" href=\"http:\/\/www.wetterauer-landbote.de\/?page_id=570\" \/>\n<meta property=\"og:locale\" content=\"de_DE\" \/>\n<meta property=\"og:type\" content=\"article\" \/>\n<meta property=\"og:title\" content=\"Tellerrand - Wetterauer-Landbote\" \/>\n<meta property=\"og:description\" content=\"Am 13. Januar 1941, vor 73 Jahren, begannen die Euthanasie-Morde in Hadamar bei Limburg. Ein Gekrat-Bus transportierte 30 Menschen auf den M\u00f6nchsberg.\" \/>\n<meta property=\"og:url\" content=\"http:\/\/www.wetterauer-landbote.de\/?page_id=570\" \/>\n<meta property=\"og:site_name\" content=\"Wetterauer-Landbote\" \/>\n<meta name=\"twitter:label1\" content=\"Gesch\u00e4tzte Lesezeit\" \/>\n\t<meta name=\"twitter:data1\" content=\"3\u00a0Minuten\" \/>\n<script type=\"application\/ld+json\" class=\"yoast-schema-graph\">{\"@context\":\"https:\/\/schema.org\",\"@graph\":[{\"@type\":\"WebPage\",\"@id\":\"http:\/\/www.wetterauer-landbote.de\/?page_id=570\",\"url\":\"http:\/\/www.wetterauer-landbote.de\/?page_id=570\",\"name\":\"Tellerrand - Wetterauer-Landbote\",\"isPartOf\":{\"@id\":\"http:\/\/www.wetterauer-landbote.de\/#website\"},\"datePublished\":\"2014-01-12T16:32:52+00:00\",\"description\":\"Am 13. Januar 1941, vor 73 Jahren, begannen die Euthanasie-Morde in Hadamar bei Limburg. Ein Gekrat-Bus transportierte 30 Menschen auf den M\u00f6nchsberg.\",\"breadcrumb\":{\"@id\":\"http:\/\/www.wetterauer-landbote.de\/?page_id=570#breadcrumb\"},\"inLanguage\":\"de\",\"potentialAction\":[{\"@type\":\"ReadAction\",\"target\":[\"http:\/\/www.wetterauer-landbote.de\/?page_id=570\"]}]},{\"@type\":\"BreadcrumbList\",\"@id\":\"http:\/\/www.wetterauer-landbote.de\/?page_id=570#breadcrumb\",\"itemListElement\":[{\"@type\":\"ListItem\",\"position\":1,\"name\":\"Home\",\"item\":\"http:\/\/www.wetterauer-landbote.de\/\"},{\"@type\":\"ListItem\",\"position\":2,\"name\":\"Tellerrand\"}]},{\"@type\":\"WebSite\",\"@id\":\"http:\/\/www.wetterauer-landbote.de\/#website\",\"url\":\"http:\/\/www.wetterauer-landbote.de\/\",\"name\":\"Wetterauer-Landbote\",\"description\":\"\",\"potentialAction\":[{\"@type\":\"SearchAction\",\"target\":{\"@type\":\"EntryPoint\",\"urlTemplate\":\"http:\/\/www.wetterauer-landbote.de\/?s={search_term_string}\"},\"query-input\":{\"@type\":\"PropertyValueSpecification\",\"valueRequired\":true,\"valueName\":\"search_term_string\"}}],\"inLanguage\":\"de\"}]}<\/script>\n<!-- \/ Yoast SEO plugin. -->","yoast_head_json":{"title":"Tellerrand - Wetterauer-Landbote","description":"Am 13. Januar 1941, vor 73 Jahren, begannen die Euthanasie-Morde in Hadamar bei Limburg. Ein Gekrat-Bus transportierte 30 Menschen auf den M\u00f6nchsberg.","robots":{"index":"index","follow":"follow","max-snippet":"max-snippet:-1","max-image-preview":"max-image-preview:large","max-video-preview":"max-video-preview:-1"},"canonical":"http:\/\/www.wetterauer-landbote.de\/?page_id=570","og_locale":"de_DE","og_type":"article","og_title":"Tellerrand - Wetterauer-Landbote","og_description":"Am 13. Januar 1941, vor 73 Jahren, begannen die Euthanasie-Morde in Hadamar bei Limburg. Ein Gekrat-Bus transportierte 30 Menschen auf den M\u00f6nchsberg.","og_url":"http:\/\/www.wetterauer-landbote.de\/?page_id=570","og_site_name":"Wetterauer-Landbote","twitter_misc":{"Gesch\u00e4tzte Lesezeit":"3\u00a0Minuten"},"schema":{"@context":"https:\/\/schema.org","@graph":[{"@type":"WebPage","@id":"http:\/\/www.wetterauer-landbote.de\/?page_id=570","url":"http:\/\/www.wetterauer-landbote.de\/?page_id=570","name":"Tellerrand - Wetterauer-Landbote","isPartOf":{"@id":"http:\/\/www.wetterauer-landbote.de\/#website"},"datePublished":"2014-01-12T16:32:52+00:00","description":"Am 13. Januar 1941, vor 73 Jahren, begannen die Euthanasie-Morde in Hadamar bei Limburg. Ein Gekrat-Bus transportierte 30 Menschen auf den M\u00f6nchsberg.","breadcrumb":{"@id":"http:\/\/www.wetterauer-landbote.de\/?page_id=570#breadcrumb"},"inLanguage":"de","potentialAction":[{"@type":"ReadAction","target":["http:\/\/www.wetterauer-landbote.de\/?page_id=570"]}]},{"@type":"BreadcrumbList","@id":"http:\/\/www.wetterauer-landbote.de\/?page_id=570#breadcrumb","itemListElement":[{"@type":"ListItem","position":1,"name":"Home","item":"http:\/\/www.wetterauer-landbote.de\/"},{"@type":"ListItem","position":2,"name":"Tellerrand"}]},{"@type":"WebSite","@id":"http:\/\/www.wetterauer-landbote.de\/#website","url":"http:\/\/www.wetterauer-landbote.de\/","name":"Wetterauer-Landbote","description":"","potentialAction":[{"@type":"SearchAction","target":{"@type":"EntryPoint","urlTemplate":"http:\/\/www.wetterauer-landbote.de\/?s={search_term_string}"},"query-input":{"@type":"PropertyValueSpecification","valueRequired":true,"valueName":"search_term_string"}}],"inLanguage":"de"}]}},"jetpack_sharing_enabled":true,"jetpack_likes_enabled":true,"_links":{"self":[{"href":"http:\/\/www.wetterauer-landbote.de\/index.php?rest_route=\/wp\/v2\/pages\/570","targetHints":{"allow":["GET"]}}],"collection":[{"href":"http:\/\/www.wetterauer-landbote.de\/index.php?rest_route=\/wp\/v2\/pages"}],"about":[{"href":"http:\/\/www.wetterauer-landbote.de\/index.php?rest_route=\/wp\/v2\/types\/page"}],"author":[{"embeddable":true,"href":"http:\/\/www.wetterauer-landbote.de\/index.php?rest_route=\/wp\/v2\/users\/1"}],"replies":[{"embeddable":true,"href":"http:\/\/www.wetterauer-landbote.de\/index.php?rest_route=%2Fwp%2Fv2%2Fcomments&post=570"}],"version-history":[{"count":2,"href":"http:\/\/www.wetterauer-landbote.de\/index.php?rest_route=\/wp\/v2\/pages\/570\/revisions"}],"predecessor-version":[{"id":572,"href":"http:\/\/www.wetterauer-landbote.de\/index.php?rest_route=\/wp\/v2\/pages\/570\/revisions\/572"}],"wp:attachment":[{"href":"http:\/\/www.wetterauer-landbote.de\/index.php?rest_route=%2Fwp%2Fv2%2Fmedia&parent=570"}],"curies":[{"name":"wp","href":"https:\/\/api.w.org\/{rel}","templated":true}]}}