{"id":526,"date":"2013-12-18T19:45:58","date_gmt":"2013-12-18T17:45:58","guid":{"rendered":"http:\/\/www.wetterauer-landbote.de\/?page_id=526"},"modified":"2013-12-18T20:01:40","modified_gmt":"2013-12-18T18:01:40","slug":"lars-ruppel-meister-des-poetry-slam","status":"publish","type":"page","link":"http:\/\/www.wetterauer-landbote.de\/?page_id=526","title":{"rendered":"Lars Ruppel, Meister des Poetry Slam"},"content":{"rendered":"<h1>Ein Heimatabend mit Freunden im \u201eCapitol\u201c Butzbach<\/h1>\n<p><strong>Von Corinna Willf\u00fchr<\/strong><br \/>\nLars Ruppel macht Slam Poetry. Super. Nur, was ist Slam Poetry? Ein Blick in die Internet-Enzyklop\u00e4die-Plattform Wikipedia hilft da nicht wirklich weiter: Slam Poetry ist \u201espoken word poesie\u201c oder auch \u201epoesie performance\u201c, hei\u00dft so viel wie ein \u201epoetischer Stil, der f\u00fcr den Vortrag vor Publikum in Wettkampfarenen entwickelt wurde.\u201c Alles klar. Nicht wirklich.<\/p>\n<p><a href=\"https:\/\/i0.wp.com\/www.wetterauer-landbote.de\/wp-content\/uploads\/2013\/12\/bu-larse.jpg\"><img data-recalc-dims=\"1\" loading=\"lazy\" decoding=\"async\" class=\"alignnone size-large wp-image-528\" alt=\"bu-larse\" src=\"https:\/\/i0.wp.com\/www.wetterauer-landbote.de\/wp-content\/uploads\/2013\/12\/bu-larse.jpg?resize=584%2C388\" width=\"584\" height=\"388\" srcset=\"https:\/\/i0.wp.com\/www.wetterauer-landbote.de\/wp-content\/uploads\/2013\/12\/bu-larse.jpg?resize=1024%2C682 1024w, https:\/\/i0.wp.com\/www.wetterauer-landbote.de\/wp-content\/uploads\/2013\/12\/bu-larse.jpg?resize=300%2C199 300w, https:\/\/i0.wp.com\/www.wetterauer-landbote.de\/wp-content\/uploads\/2013\/12\/bu-larse.jpg?resize=450%2C300 450w, https:\/\/i0.wp.com\/www.wetterauer-landbote.de\/wp-content\/uploads\/2013\/12\/bu-larse.jpg?w=1168 1168w, https:\/\/i0.wp.com\/www.wetterauer-landbote.de\/wp-content\/uploads\/2013\/12\/bu-larse.jpg?w=1752 1752w\" sizes=\"auto, (max-width: 584px) 100vw, 584px\" \/><\/a><\/p>\n<p>&#8222;Poetry Slam macht auf jeden Fall Spass und regt auch zum Nachdenken an \u2013 vor allem mit Lars\u201c, sagt Ralf Bartel, Chef des Capitol-Kinos in Butzbach. Der Mann muss es wissen. Denn Lars Ruppel, vielen in der Wetterau seit langem bekannt als \u201eHolger die Waldfee\u201c, ist am Montag, 23. Dezember, nicht zum ersten Mal zu Gast in den R\u00e4umen des Lichtspielhauses. F\u00fcr den 1985 in Gambach, also in einem Ortsteil der Nachbarkommune M\u00fcnzenberg, geborenen Lars Ruppel ist der Auftritt ein Heimspiel. \u201eHeimatabend\u201c hei\u00dft denn auch der Abend, an dem sich unter dem Motto von ihm moderierten \u201ePoetry Slam Special\u201c Meister ihres Fachs aus ganz Deutschland messen werden, um den Besten von ihnen zu ermitteln \u2013 allein durch die Bewertung des Butzbacher Publikums.<\/p>\n<h2>Lars Ruppel, Meister des Poetry Slam<\/h2>\n<p>&#8222;Poetry Slam soll Spa\u00df machen, dazu geh\u00f6ren ausgel\u00f6ste Traurigkeit, Wut oder Lachen gleicherma\u00dfen\u201c \u2013, schreibt der Wortk\u00fcnstler Lars Ruppel auf seiner Homepage \u2013 und die h\u00e4ngen eben auch vom Publikum ab. Zu seinem Selbstverst\u00e4ndnis als Slam Poet geh\u00f6rt f\u00fcr den Gambacher, der sich stets mit charakteristischer Brille zeigt und diese auch auf seiner Homepage als Markenzeichen zeigt, \u201edass \u201ePoetry Slam eine politische Auftragsnummer hat.\u201c Denn Slam Poeten k\u00f6nnen Themen originell und witzig ausdr\u00fccken und auch mit schwierigen Themen unterhalten.\u201c Sei es denn auch zum \u201eHeimatabend\u201c vor Weihnachten garniert von Blockfl\u00f6ten-T\u00f6nen.<br \/>\nEine Devise, mit der er ziemlich erfolgreich ist: Denn seit Lars Ruppel im Juni 2004 die Poetry-Slam-B\u00fchne betrat, gewann er mit der \u201ePoetry-Slam-Boygroup\u201c SMAAT den Team-Wettbewerb der deutschsprachigen Poetry-Slam-Meisterschaften und in 2013 solo den Hessenslam 2013. Gemeinsam mit Streitern f\u00fcr seine Ideen und die Form, sie auf die B\u00fchne zu bringen, gr\u00fcndete er in Marburg \u201eLate Night Lesen\u201c im Domizil der Jazzinitiative im Steinweg. Als \u201eMaster of Ceremony\u201c ist er seitdem auch als Gastgeber zahlreicher Poetry-Slam-Veranstaltungen unterwegs. W\u00e4ren da noch seine Buchver\u00f6ffentlichungen, die \u201eLimo\u201c, \u201eBrille\u201c oder \u201eSchweinchen\u201c zu nennen.<\/p>\n<p>Zu seinem ersten Platz beim Hessenslam 2013 schreibt Lars Ruppel: \u201eWer Poetry Slam kennt, wei\u00df, dass ein Sieg bei einem Poetry nicht allzu viel Bedeutung hat. Jeder Poet wei\u00df, wie viele Faktoren das Ergebnis bestimmen.\u201c<\/p>\n<p>Viel Bedeutung \u00fcber den Moment hinaus haben die \u201eWeckworte Deutschland\u201c, die Lars Ruppel als Projektleiter Deutschland nach dem von Gary Glazner konzipierten Projekt \u201eAlzpoetry\u201c initiierte: Veranstaltungen, bei denen \u00fcber klassische Gedichte oder Lieder &#8211; sei es \u201eVon drau\u00df vom Walde komm\u2018 ich her\u201c oder \u201eFuchs, Du hast die Gans gestohlen\u201c \u2013 zu Demenzkranken ein emotionaler Zugang geschaffen wird.<\/p>\n<p>In mehr als 100 Fortbildungen und Vortr\u00e4gen haben rund eintausend Angeh\u00f6rige, Pflegende und Sch\u00fcler in ihrer Pflegeausbildung von dem Gambacher Slam Poeten erfahren, wie man mit Poesie Menschen mit Demenz, geistiger Behinderung oder sonstigen Einschr\u00e4nkungen erreichen kann.<br \/>\nSo dass auch sie Spa\u00df haben wie die Besucher des \u201eHeimatabends\u201c mit Lars Ruppel am 23. Dezember im Capitol Butzbach oder die G\u00e4ste der Leseb\u00fchne \u201eSalz und Pfeffer\u201c am 11.1.2014 im schweizerischen Zug.<\/p>\n<p><strong>Es gibt noch einige wenige Karten<\/strong> f\u00fcr den \u201eHeimatabend\u201c von Lars Ruppel an der Abendkasse des Kinos Capitol in Butzbach erh\u00e4ltlich. Wer mehr \u00fcber den Gambacher Slam Poeten wissen m\u00f6chte: <a href=\"http:\/\/www.larsruppel.de\" target=\"blank\">larsruppel.de<\/a><\/p>\n","protected":false},"excerpt":{"rendered":"<p>Ein Heimatabend mit Freunden im \u201eCapitol\u201c Butzbach Von Corinna Willf\u00fchr Lars Ruppel macht Slam Poetry. Super. Nur, was ist Slam Poetry? Ein Blick in die Internet-Enzyklop\u00e4die-Plattform Wikipedia hilft da nicht wirklich weiter: Slam Poetry ist \u201espoken word poesie\u201c oder auch &hellip; <a href=\"http:\/\/www.wetterauer-landbote.de\/?page_id=526\">Weiterlesen <span class=\"meta-nav\">&rarr;<\/span><\/a><\/p>\n","protected":false},"author":1,"featured_media":0,"parent":0,"menu_order":0,"comment_status":"open","ping_status":"open","template":"","meta":{"footnotes":""},"class_list":["post-526","page","type-page","status-publish","hentry"],"yoast_head":"<!-- This site is optimized with the Yoast SEO plugin v27.0 - https:\/\/yoast.com\/product\/yoast-seo-wordpress\/ -->\n<title>Lars Ruppel, Meister des Poetry Slam - Wetterauer-Landbote<\/title>\n<meta name=\"description\" content=\"Lars Ruppel, Meister des Poetry Slam, gibt am 23. Dezember 2013 im Butzbacher Kino Capitol einen Heimatabend mit Freunden. Es gibt noch einige wenige Karten.\" \/>\n<meta name=\"robots\" content=\"index, follow, max-snippet:-1, max-image-preview:large, max-video-preview:-1\" \/>\n<link rel=\"canonical\" href=\"https:\/\/www.wetterauer-landbote.de\/?page_id=526\" \/>\n<meta property=\"og:locale\" content=\"de_DE\" \/>\n<meta property=\"og:type\" content=\"article\" \/>\n<meta property=\"og:title\" content=\"Lars Ruppel, Meister des Poetry Slam - Wetterauer-Landbote\" \/>\n<meta property=\"og:description\" content=\"Lars Ruppel, Meister des Poetry Slam, gibt am 23. Dezember 2013 im Butzbacher Kino Capitol einen Heimatabend mit Freunden. Es gibt noch einige wenige Karten.\" \/>\n<meta property=\"og:url\" content=\"https:\/\/www.wetterauer-landbote.de\/?page_id=526\" \/>\n<meta property=\"og:site_name\" content=\"Wetterauer-Landbote\" \/>\n<meta property=\"article:modified_time\" content=\"2013-12-18T18:01:40+00:00\" \/>\n<meta property=\"og:image\" content=\"http:\/\/www.wetterauer-landbote.de\/wp-content\/uploads\/2013\/12\/bu-larse-1024x682.jpg\" \/>\n<meta name=\"twitter:label1\" content=\"Gesch\u00e4tzte Lesezeit\" \/>\n\t<meta name=\"twitter:data1\" content=\"3\u00a0Minuten\" \/>\n<script type=\"application\/ld+json\" class=\"yoast-schema-graph\">{\"@context\":\"https:\/\/schema.org\",\"@graph\":[{\"@type\":\"WebPage\",\"@id\":\"https:\/\/www.wetterauer-landbote.de\/?page_id=526\",\"url\":\"https:\/\/www.wetterauer-landbote.de\/?page_id=526\",\"name\":\"Lars Ruppel, Meister des Poetry Slam - Wetterauer-Landbote\",\"isPartOf\":{\"@id\":\"http:\/\/www.wetterauer-landbote.de\/#website\"},\"primaryImageOfPage\":{\"@id\":\"https:\/\/www.wetterauer-landbote.de\/?page_id=526#primaryimage\"},\"image\":{\"@id\":\"https:\/\/www.wetterauer-landbote.de\/?page_id=526#primaryimage\"},\"thumbnailUrl\":\"http:\/\/www.wetterauer-landbote.de\/wp-content\/uploads\/2013\/12\/bu-larse-1024x682.jpg\",\"datePublished\":\"2013-12-18T17:45:58+00:00\",\"dateModified\":\"2013-12-18T18:01:40+00:00\",\"description\":\"Lars Ruppel, Meister des Poetry Slam, gibt am 23. Dezember 2013 im Butzbacher Kino Capitol einen Heimatabend mit Freunden. Es gibt noch einige wenige Karten.\",\"breadcrumb\":{\"@id\":\"https:\/\/www.wetterauer-landbote.de\/?page_id=526#breadcrumb\"},\"inLanguage\":\"de\",\"potentialAction\":[{\"@type\":\"ReadAction\",\"target\":[\"https:\/\/www.wetterauer-landbote.de\/?page_id=526\"]}]},{\"@type\":\"ImageObject\",\"inLanguage\":\"de\",\"@id\":\"https:\/\/www.wetterauer-landbote.de\/?page_id=526#primaryimage\",\"url\":\"https:\/\/i0.wp.com\/www.wetterauer-landbote.de\/wp-content\/uploads\/2013\/12\/bu-larse.jpg?fit=4499%2C2999\",\"contentUrl\":\"https:\/\/i0.wp.com\/www.wetterauer-landbote.de\/wp-content\/uploads\/2013\/12\/bu-larse.jpg?fit=4499%2C2999\",\"width\":4499,\"height\":2999},{\"@type\":\"BreadcrumbList\",\"@id\":\"https:\/\/www.wetterauer-landbote.de\/?page_id=526#breadcrumb\",\"itemListElement\":[{\"@type\":\"ListItem\",\"position\":1,\"name\":\"Home\",\"item\":\"http:\/\/www.wetterauer-landbote.de\/\"},{\"@type\":\"ListItem\",\"position\":2,\"name\":\"Lars Ruppel, Meister des Poetry Slam\"}]},{\"@type\":\"WebSite\",\"@id\":\"http:\/\/www.wetterauer-landbote.de\/#website\",\"url\":\"http:\/\/www.wetterauer-landbote.de\/\",\"name\":\"Wetterauer-Landbote\",\"description\":\"\",\"potentialAction\":[{\"@type\":\"SearchAction\",\"target\":{\"@type\":\"EntryPoint\",\"urlTemplate\":\"http:\/\/www.wetterauer-landbote.de\/?s={search_term_string}\"},\"query-input\":{\"@type\":\"PropertyValueSpecification\",\"valueRequired\":true,\"valueName\":\"search_term_string\"}}],\"inLanguage\":\"de\"}]}<\/script>\n<!-- \/ Yoast SEO plugin. -->","yoast_head_json":{"title":"Lars Ruppel, Meister des Poetry Slam - Wetterauer-Landbote","description":"Lars Ruppel, Meister des Poetry Slam, gibt am 23. Dezember 2013 im Butzbacher Kino Capitol einen Heimatabend mit Freunden. Es gibt noch einige wenige Karten.","robots":{"index":"index","follow":"follow","max-snippet":"max-snippet:-1","max-image-preview":"max-image-preview:large","max-video-preview":"max-video-preview:-1"},"canonical":"https:\/\/www.wetterauer-landbote.de\/?page_id=526","og_locale":"de_DE","og_type":"article","og_title":"Lars Ruppel, Meister des Poetry Slam - Wetterauer-Landbote","og_description":"Lars Ruppel, Meister des Poetry Slam, gibt am 23. Dezember 2013 im Butzbacher Kino Capitol einen Heimatabend mit Freunden. Es gibt noch einige wenige Karten.","og_url":"https:\/\/www.wetterauer-landbote.de\/?page_id=526","og_site_name":"Wetterauer-Landbote","article_modified_time":"2013-12-18T18:01:40+00:00","og_image":[{"url":"http:\/\/www.wetterauer-landbote.de\/wp-content\/uploads\/2013\/12\/bu-larse-1024x682.jpg","type":"","width":"","height":""}],"twitter_misc":{"Gesch\u00e4tzte Lesezeit":"3\u00a0Minuten"},"schema":{"@context":"https:\/\/schema.org","@graph":[{"@type":"WebPage","@id":"https:\/\/www.wetterauer-landbote.de\/?page_id=526","url":"https:\/\/www.wetterauer-landbote.de\/?page_id=526","name":"Lars Ruppel, Meister des Poetry Slam - Wetterauer-Landbote","isPartOf":{"@id":"http:\/\/www.wetterauer-landbote.de\/#website"},"primaryImageOfPage":{"@id":"https:\/\/www.wetterauer-landbote.de\/?page_id=526#primaryimage"},"image":{"@id":"https:\/\/www.wetterauer-landbote.de\/?page_id=526#primaryimage"},"thumbnailUrl":"http:\/\/www.wetterauer-landbote.de\/wp-content\/uploads\/2013\/12\/bu-larse-1024x682.jpg","datePublished":"2013-12-18T17:45:58+00:00","dateModified":"2013-12-18T18:01:40+00:00","description":"Lars Ruppel, Meister des Poetry Slam, gibt am 23. Dezember 2013 im Butzbacher Kino Capitol einen Heimatabend mit Freunden. Es gibt noch einige wenige Karten.","breadcrumb":{"@id":"https:\/\/www.wetterauer-landbote.de\/?page_id=526#breadcrumb"},"inLanguage":"de","potentialAction":[{"@type":"ReadAction","target":["https:\/\/www.wetterauer-landbote.de\/?page_id=526"]}]},{"@type":"ImageObject","inLanguage":"de","@id":"https:\/\/www.wetterauer-landbote.de\/?page_id=526#primaryimage","url":"https:\/\/i0.wp.com\/www.wetterauer-landbote.de\/wp-content\/uploads\/2013\/12\/bu-larse.jpg?fit=4499%2C2999","contentUrl":"https:\/\/i0.wp.com\/www.wetterauer-landbote.de\/wp-content\/uploads\/2013\/12\/bu-larse.jpg?fit=4499%2C2999","width":4499,"height":2999},{"@type":"BreadcrumbList","@id":"https:\/\/www.wetterauer-landbote.de\/?page_id=526#breadcrumb","itemListElement":[{"@type":"ListItem","position":1,"name":"Home","item":"http:\/\/www.wetterauer-landbote.de\/"},{"@type":"ListItem","position":2,"name":"Lars Ruppel, Meister des Poetry Slam"}]},{"@type":"WebSite","@id":"http:\/\/www.wetterauer-landbote.de\/#website","url":"http:\/\/www.wetterauer-landbote.de\/","name":"Wetterauer-Landbote","description":"","potentialAction":[{"@type":"SearchAction","target":{"@type":"EntryPoint","urlTemplate":"http:\/\/www.wetterauer-landbote.de\/?s={search_term_string}"},"query-input":{"@type":"PropertyValueSpecification","valueRequired":true,"valueName":"search_term_string"}}],"inLanguage":"de"}]}},"jetpack_sharing_enabled":true,"jetpack_likes_enabled":true,"_links":{"self":[{"href":"http:\/\/www.wetterauer-landbote.de\/index.php?rest_route=\/wp\/v2\/pages\/526","targetHints":{"allow":["GET"]}}],"collection":[{"href":"http:\/\/www.wetterauer-landbote.de\/index.php?rest_route=\/wp\/v2\/pages"}],"about":[{"href":"http:\/\/www.wetterauer-landbote.de\/index.php?rest_route=\/wp\/v2\/types\/page"}],"author":[{"embeddable":true,"href":"http:\/\/www.wetterauer-landbote.de\/index.php?rest_route=\/wp\/v2\/users\/1"}],"replies":[{"embeddable":true,"href":"http:\/\/www.wetterauer-landbote.de\/index.php?rest_route=%2Fwp%2Fv2%2Fcomments&post=526"}],"version-history":[{"count":3,"href":"http:\/\/www.wetterauer-landbote.de\/index.php?rest_route=\/wp\/v2\/pages\/526\/revisions"}],"predecessor-version":[{"id":535,"href":"http:\/\/www.wetterauer-landbote.de\/index.php?rest_route=\/wp\/v2\/pages\/526\/revisions\/535"}],"wp:attachment":[{"href":"http:\/\/www.wetterauer-landbote.de\/index.php?rest_route=%2Fwp%2Fv2%2Fmedia&parent=526"}],"curies":[{"name":"wp","href":"https:\/\/api.w.org\/{rel}","templated":true}]}}