{"id":518,"date":"2013-12-18T19:11:13","date_gmt":"2013-12-18T17:11:13","guid":{"rendered":"http:\/\/www.wetterauer-landbote.de\/?page_id=518"},"modified":"2013-12-18T19:11:13","modified_gmt":"2013-12-18T17:11:13","slug":"kalender-erinnert-kurt-rupp","status":"publish","type":"page","link":"http:\/\/www.wetterauer-landbote.de\/?page_id=518","title":{"rendered":"Kalender erinnert an Kurt Rupp"},"content":{"rendered":"<h1>Der Heimatforscher war das Ged\u00e4chtnis Ober-M\u00f6rlens<\/h1>\n<p><strong>Von Corinna Willf\u00fchr<\/strong><br \/>\nAuf dem Tisch vor Vera Rupp liegt ein Stapel B\u00fccher. Zuunterst \u2013 er mutet an wie die Basis f\u00fcr alle dar\u00fcber: ein gut zwei Kilo schweres Werk, gebunden in blaues Leinen, auf dem R\u00fccken in Golddruck: Ober-M\u00f6rlen 1834 bis 1954, darunter der Name Kurt Rupp.<br \/>\nKurt Rupp, Jahrgang 1935, war der Chronist von Ober-M\u00f6rlen, nicht nur f\u00fcr die umfangreiche Sammlung der Zeitungsartikel aus mehr als einhundert Jahren, wie sie der blaue Band umfasst. Vielmehr war Kurt Rupp, wie es der Vorsteher des Ober-M\u00f6rlener Parlaments Gerd Christian von Sch\u00e4ffer-Bernstein anl\u00e4sslich der Verleihung des Ehrenamtspreises an Kurt Rupp am 7. Januar diesen Jahres formulierte: \u201edas Ged\u00e4chtnis des Dorfes\u201c. Kurt Rupp verstarb nur wenige Tage sp\u00e4ter am 29. Januar 2013.<br \/>\nAkribisch im Sammeln und bei der Recherche<\/p>\n<p>Auch alle weiteren B\u00fccher und Schriften auf dem Stapel hat der akribische Hobby-Historiker verfasst. Fotob\u00e4nde zu der Geschichte der Gastwirtschaften, die es l\u00e4ngst nicht mehr gibt wie das Lokal \u201eZur Wetterau\u201c oder die \u201eGermania\u201c. Untersuchungen zu der Historie der M\u00fcller und B\u00e4cker, der Br\u00fccken \u00fcber die Usa oder der Remigius-Kirche ebenso wie eine Dokumentation zum F\u00fchrerbunker \u201eAdlerhorst\u201c im Ortsteil Langenhain-Ziegenberg. Und wer auf der Homepage Informationen zur Geschichte der Gemeinde anklickt, trifft direkt neben dem Wappen Ober-M\u00f6rlens auf seinen Namen.<\/p>\n<p><a href=\"https:\/\/i0.wp.com\/www.wetterauer-landbote.de\/wp-content\/uploads\/2013\/12\/rupp.jpg\"><img data-recalc-dims=\"1\" loading=\"lazy\" decoding=\"async\" class=\"alignnone size-full wp-image-519\" alt=\"rupp\" src=\"https:\/\/i0.wp.com\/www.wetterauer-landbote.de\/wp-content\/uploads\/2013\/12\/rupp.jpg?resize=469%2C351\" width=\"469\" height=\"351\" \/><\/a><\/p>\n<h6>Sie wollen, dass der Heimatforscher Kurt Rupp nicht vergessen wird: seine T\u00f6chter Silvia (links), Vera (rechts) und seine Frau Edda (Mitte).(Fotos: Willf\u00fchr)<\/h6>\n<h2>&#8222;Eben sind wir am Grumet machen\u201c<\/h2>\n<p>&#8222;Mein Vater\u201c, sagt Vera Rupp, \u201ewar ein leidenschaftlicher Sammler, wenn es um Daten und Dokumente aus und \u00fcber Ober-M\u00f6rlen ging \u2013 und ein im besten Sinne pedantischer Rechercheur, um die Dinge, die er fand in ihren zeitgeschichtlichen Kontext einzuordnen.\u201c<br \/>\nGemeinsam mit ihrer Mutter Edda hat die promovierte Arch\u00e4ologin und Direktorin des Keltenmuseums am Glauberg Stund\u2018 um Stund\u2018 verbracht, um f\u00fcr einen Jahreskalender 2014 Ansichtskarten aus dem Fundus ihres Vaters auszuw\u00e4hlen. \u201eDie Auswahl unter mehr als einhundert Karten fiel schwer\u201c, sagt die 55-J\u00e4hrige. Doch dann entschieden sich Mutter und Tochter f\u00fcr Exemplare, die bei alteingesessenen Ober-M\u00f6rlern Erinnerungen wecken k\u00f6nnen und Zugezogenen Neugier auf die Historie ihrer neuen Heimat machen sollen. Neugierig auf das Verm\u00e4chtnis ihres Vaters macht auch Kurt Rupps Tochter Silvia: Sie hat eine Auswahl von Dokumenten f\u00fcr eine Ausstellung in der Volksbank Ober-M\u00f6rlen zusammengestellt.<\/p>\n<h2>Kalender erinnert an Kurt Rupp<\/h2>\n<p>Ob das Kalenderblatt zum Januar mit einer Ansicht um 1910 vom herrschaftlichen Schloss oder der Gru\u00df vom S\u00e4ngerfest am 19. Und 20. Juni 1904 f\u00fcr den Juni an einen Heinrich Wex in Coblenz-L\u00fctzel: Sie alle dokumentieren (Heimat-)Geschichte. Eine Karte aus dem Jahr 1903 hat Vera Rupp besonders fasziniert. \u201eEs ist eine fast v\u00f6llig beschriebene Blumenkarte, die sehr interessante Informationen liefert.\u201c Ihr Absender: Eine Therese (Nachname nicht bekannt) aus Ober-M\u00f6rlen. Ihre Adressatin: ein Fr\u00e4ulein Gertrud Geck, per Adr. Boet Blanquin, ins Hotel de Fonbonne in Evian \u2013 Les Bains am Genfer See. Hier ein Auszug aus dem Text: \u201eLiebes Trautchen! Ich habe Deine liebe Karte mit sehr gro\u00dfer Freude erhalten. Eben sind wir am Grumet machen, aber dazu schlechtes Wetter. Am 1. + 2. Oktober haben die J\u00fcnglinge Theater. Wahrscheinlich gehen wir auch hin. Am 27. August sind die Gemeinder\u00e4the gew\u00e4hlt worden. Fr\u00e4ulein Grebner war in den Ferien in \u00c4gypten.\u201c Evian \u2013 Les Bains war zu Beginn des 20. Jahrhunderts ein ber\u00fchmter Badeort, ein Treffpunkt der Sch\u00f6nen und Reichen. \u201eWar Fr\u00e4ulein Geck dort zur Logis? Oder als Hotelangestellte t\u00e4tig?\u201c, fragt sich Vera Rupp.<\/p>\n<p><a href=\"https:\/\/i0.wp.com\/www.wetterauer-landbote.de\/wp-content\/uploads\/2013\/12\/ruppKarte-3.jpg\"><img data-recalc-dims=\"1\" loading=\"lazy\" decoding=\"async\" class=\"alignnone size-large wp-image-520\" alt=\"ruppKarte-3\" src=\"https:\/\/i0.wp.com\/www.wetterauer-landbote.de\/wp-content\/uploads\/2013\/12\/ruppKarte-3.jpg?resize=584%2C910\" width=\"584\" height=\"910\" srcset=\"https:\/\/i0.wp.com\/www.wetterauer-landbote.de\/wp-content\/uploads\/2013\/12\/ruppKarte-3.jpg?resize=657%2C1024 657w, https:\/\/i0.wp.com\/www.wetterauer-landbote.de\/wp-content\/uploads\/2013\/12\/ruppKarte-3.jpg?resize=192%2C300 192w, https:\/\/i0.wp.com\/www.wetterauer-landbote.de\/wp-content\/uploads\/2013\/12\/ruppKarte-3.jpg?w=1069 1069w\" sizes=\"auto, (max-width: 584px) 100vw, 584px\" \/><\/a><\/p>\n<h6>Blumenkarte von 1903 von Therese aus Ober-M\u00f6rlen an &#8222;Fr\u00e4ulein Trautchen&#8220; im Badeort Evian am Genfer See.<\/h6>\n<p>Ein Gru\u00df an einen Liebsten, an die Verwandten, an den Sohn, die Tochter, eine Freundin, handgeschrieben auf einer Karte , die man nur an dem Ort bekam, an dem man einst war, im sp\u00e4ten 19. Und fr\u00fchen 20. Jahrhundert, als es noch kein Internet gab. Ein Gru\u00df, der zeigen sollte, dass es sch\u00f6n war, an dem Ort, an dem man sich befand, der Sicherheit vermitteln sollte oder auch Hoffnung auf ein Wiedersehen.<\/p>\n<h2>F\u00fchrungen f\u00fcr Schulklassen<\/h2>\n<p>In den B\u00fcchern \u00fcber dem dicken, blauen Werk stecken zahllose gelbe Markierungszettel. Da gibt es noch viel Nachzuschlagen f\u00fcr Vera Rupp. Denn sie m\u00f6chte die Arbeit ihres Vaters fortsetzen. So hat sie bereits im November Grundschulklassen durch den erstmals 790 nach Christus im Codex des Klosters Lorsch genannten Ort gef\u00fchrt, sie mit einem gut gef\u00fcllten Expeditionskoffer auf die Geschichte Ober-M\u00f6rlens neugierig gemacht \u2013 und damit auch auf die Bedeutung von engagierten Heimatforschern, wie es ihr Vater Kurt war. \u201eSein Archiv mit Texten, Bildern und Publikationen ist ein wahrer Wissensschatz\u201c, so die Arch\u00e4ologin.\u201c Diesen einer gr\u00f6\u00dferen \u00d6ffentlichkeit sichtbar zu machen, ist ihr ein inniges Anliegen. \u201eVielleicht klappt es ja mit einer gro\u00dfen Fotoausstellung in 2014\u201c, hofft sie. Erste Gespr\u00e4che mit dem B\u00fcrgermeister sind bereits gef\u00fchrt.Auf jeden Fall wird Vera Rupp ihre Orts-F\u00fchrungen f\u00fcr Schulklassen im n\u00e4chsten Jahr fortsetzen.<\/p>\n<p><strong>Der Kalender<\/strong> mit alten Ansichtskarten von Ober-M\u00f6rlen ist zum Preis von 16,80 Euro in der Volksbank Ober-M\u00f6rlen erh\u00e4ltlich.<\/p>\n<p><strong>Die Ausstellung,<\/strong> die von Silvia M\u00f6ller zusammengestellte wurde,\u00a0 Ausstellung ist noch bis 19. Dezember zu den \u00d6ffnungszeiten der Volksbank zu sehen.<\/p>\n","protected":false},"excerpt":{"rendered":"<p>Der Heimatforscher war das Ged\u00e4chtnis Ober-M\u00f6rlens Von Corinna Willf\u00fchr Auf dem Tisch vor Vera Rupp liegt ein Stapel B\u00fccher. Zuunterst \u2013 er mutet an wie die Basis f\u00fcr alle dar\u00fcber: ein gut zwei Kilo schweres Werk, gebunden in blaues Leinen, &hellip; <a href=\"http:\/\/www.wetterauer-landbote.de\/?page_id=518\">Weiterlesen <span class=\"meta-nav\">&rarr;<\/span><\/a><\/p>\n","protected":false},"author":1,"featured_media":0,"parent":0,"menu_order":0,"comment_status":"open","ping_status":"open","template":"","meta":{"footnotes":""},"class_list":["post-518","page","type-page","status-publish","hentry"],"yoast_head":"<!-- This site is optimized with the Yoast SEO plugin v27.0 - https:\/\/yoast.com\/product\/yoast-seo-wordpress\/ -->\n<title>Kalender erinnert an Kurt Rupp - Wetterauer-Landbote<\/title>\n<meta name=\"description\" content=\"Kurt Rupp war das Ged\u00e4chtnis von Ober-M\u00f6rlen. Nun ist eine Ausstellung f\u00fcr ihn organisiert worden und ein Kalender erinnert an Kurt Rupp.\" \/>\n<meta name=\"robots\" content=\"index, follow, max-snippet:-1, max-image-preview:large, max-video-preview:-1\" \/>\n<link rel=\"canonical\" href=\"https:\/\/www.wetterauer-landbote.de\/?page_id=518\" \/>\n<meta property=\"og:locale\" content=\"de_DE\" \/>\n<meta property=\"og:type\" content=\"article\" \/>\n<meta property=\"og:title\" content=\"Kalender erinnert an Kurt Rupp - Wetterauer-Landbote\" \/>\n<meta property=\"og:description\" content=\"Kurt Rupp war das Ged\u00e4chtnis von Ober-M\u00f6rlen. Nun ist eine Ausstellung f\u00fcr ihn organisiert worden und ein Kalender erinnert an Kurt Rupp.\" \/>\n<meta property=\"og:url\" content=\"https:\/\/www.wetterauer-landbote.de\/?page_id=518\" \/>\n<meta property=\"og:site_name\" content=\"Wetterauer-Landbote\" \/>\n<meta property=\"og:image\" content=\"http:\/\/www.wetterauer-landbote.de\/wp-content\/uploads\/2013\/12\/rupp.jpg\" \/>\n<meta name=\"twitter:label1\" content=\"Gesch\u00e4tzte Lesezeit\" \/>\n\t<meta name=\"twitter:data1\" content=\"4\u00a0Minuten\" \/>\n<script type=\"application\/ld+json\" class=\"yoast-schema-graph\">{\"@context\":\"https:\/\/schema.org\",\"@graph\":[{\"@type\":\"WebPage\",\"@id\":\"https:\/\/www.wetterauer-landbote.de\/?page_id=518\",\"url\":\"https:\/\/www.wetterauer-landbote.de\/?page_id=518\",\"name\":\"Kalender erinnert an Kurt Rupp - Wetterauer-Landbote\",\"isPartOf\":{\"@id\":\"http:\/\/www.wetterauer-landbote.de\/#website\"},\"primaryImageOfPage\":{\"@id\":\"https:\/\/www.wetterauer-landbote.de\/?page_id=518#primaryimage\"},\"image\":{\"@id\":\"https:\/\/www.wetterauer-landbote.de\/?page_id=518#primaryimage\"},\"thumbnailUrl\":\"http:\/\/www.wetterauer-landbote.de\/wp-content\/uploads\/2013\/12\/rupp.jpg\",\"datePublished\":\"2013-12-18T17:11:13+00:00\",\"description\":\"Kurt Rupp war das Ged\u00e4chtnis von Ober-M\u00f6rlen. Nun ist eine Ausstellung f\u00fcr ihn organisiert worden und ein Kalender erinnert an Kurt Rupp.\",\"breadcrumb\":{\"@id\":\"https:\/\/www.wetterauer-landbote.de\/?page_id=518#breadcrumb\"},\"inLanguage\":\"de\",\"potentialAction\":[{\"@type\":\"ReadAction\",\"target\":[\"https:\/\/www.wetterauer-landbote.de\/?page_id=518\"]}]},{\"@type\":\"ImageObject\",\"inLanguage\":\"de\",\"@id\":\"https:\/\/www.wetterauer-landbote.de\/?page_id=518#primaryimage\",\"url\":\"https:\/\/i0.wp.com\/www.wetterauer-landbote.de\/wp-content\/uploads\/2013\/12\/rupp.jpg?fit=352%2C260\",\"contentUrl\":\"https:\/\/i0.wp.com\/www.wetterauer-landbote.de\/wp-content\/uploads\/2013\/12\/rupp.jpg?fit=352%2C260\",\"width\":352,\"height\":260},{\"@type\":\"BreadcrumbList\",\"@id\":\"https:\/\/www.wetterauer-landbote.de\/?page_id=518#breadcrumb\",\"itemListElement\":[{\"@type\":\"ListItem\",\"position\":1,\"name\":\"Home\",\"item\":\"http:\/\/www.wetterauer-landbote.de\/\"},{\"@type\":\"ListItem\",\"position\":2,\"name\":\"Kalender erinnert an Kurt Rupp\"}]},{\"@type\":\"WebSite\",\"@id\":\"http:\/\/www.wetterauer-landbote.de\/#website\",\"url\":\"http:\/\/www.wetterauer-landbote.de\/\",\"name\":\"Wetterauer-Landbote\",\"description\":\"\",\"potentialAction\":[{\"@type\":\"SearchAction\",\"target\":{\"@type\":\"EntryPoint\",\"urlTemplate\":\"http:\/\/www.wetterauer-landbote.de\/?s={search_term_string}\"},\"query-input\":{\"@type\":\"PropertyValueSpecification\",\"valueRequired\":true,\"valueName\":\"search_term_string\"}}],\"inLanguage\":\"de\"}]}<\/script>\n<!-- \/ Yoast SEO plugin. -->","yoast_head_json":{"title":"Kalender erinnert an Kurt Rupp - Wetterauer-Landbote","description":"Kurt Rupp war das Ged\u00e4chtnis von Ober-M\u00f6rlen. Nun ist eine Ausstellung f\u00fcr ihn organisiert worden und ein Kalender erinnert an Kurt Rupp.","robots":{"index":"index","follow":"follow","max-snippet":"max-snippet:-1","max-image-preview":"max-image-preview:large","max-video-preview":"max-video-preview:-1"},"canonical":"https:\/\/www.wetterauer-landbote.de\/?page_id=518","og_locale":"de_DE","og_type":"article","og_title":"Kalender erinnert an Kurt Rupp - Wetterauer-Landbote","og_description":"Kurt Rupp war das Ged\u00e4chtnis von Ober-M\u00f6rlen. Nun ist eine Ausstellung f\u00fcr ihn organisiert worden und ein Kalender erinnert an Kurt Rupp.","og_url":"https:\/\/www.wetterauer-landbote.de\/?page_id=518","og_site_name":"Wetterauer-Landbote","og_image":[{"url":"http:\/\/www.wetterauer-landbote.de\/wp-content\/uploads\/2013\/12\/rupp.jpg","type":"","width":"","height":""}],"twitter_misc":{"Gesch\u00e4tzte Lesezeit":"4\u00a0Minuten"},"schema":{"@context":"https:\/\/schema.org","@graph":[{"@type":"WebPage","@id":"https:\/\/www.wetterauer-landbote.de\/?page_id=518","url":"https:\/\/www.wetterauer-landbote.de\/?page_id=518","name":"Kalender erinnert an Kurt Rupp - Wetterauer-Landbote","isPartOf":{"@id":"http:\/\/www.wetterauer-landbote.de\/#website"},"primaryImageOfPage":{"@id":"https:\/\/www.wetterauer-landbote.de\/?page_id=518#primaryimage"},"image":{"@id":"https:\/\/www.wetterauer-landbote.de\/?page_id=518#primaryimage"},"thumbnailUrl":"http:\/\/www.wetterauer-landbote.de\/wp-content\/uploads\/2013\/12\/rupp.jpg","datePublished":"2013-12-18T17:11:13+00:00","description":"Kurt Rupp war das Ged\u00e4chtnis von Ober-M\u00f6rlen. Nun ist eine Ausstellung f\u00fcr ihn organisiert worden und ein Kalender erinnert an Kurt Rupp.","breadcrumb":{"@id":"https:\/\/www.wetterauer-landbote.de\/?page_id=518#breadcrumb"},"inLanguage":"de","potentialAction":[{"@type":"ReadAction","target":["https:\/\/www.wetterauer-landbote.de\/?page_id=518"]}]},{"@type":"ImageObject","inLanguage":"de","@id":"https:\/\/www.wetterauer-landbote.de\/?page_id=518#primaryimage","url":"https:\/\/i0.wp.com\/www.wetterauer-landbote.de\/wp-content\/uploads\/2013\/12\/rupp.jpg?fit=352%2C260","contentUrl":"https:\/\/i0.wp.com\/www.wetterauer-landbote.de\/wp-content\/uploads\/2013\/12\/rupp.jpg?fit=352%2C260","width":352,"height":260},{"@type":"BreadcrumbList","@id":"https:\/\/www.wetterauer-landbote.de\/?page_id=518#breadcrumb","itemListElement":[{"@type":"ListItem","position":1,"name":"Home","item":"http:\/\/www.wetterauer-landbote.de\/"},{"@type":"ListItem","position":2,"name":"Kalender erinnert an Kurt Rupp"}]},{"@type":"WebSite","@id":"http:\/\/www.wetterauer-landbote.de\/#website","url":"http:\/\/www.wetterauer-landbote.de\/","name":"Wetterauer-Landbote","description":"","potentialAction":[{"@type":"SearchAction","target":{"@type":"EntryPoint","urlTemplate":"http:\/\/www.wetterauer-landbote.de\/?s={search_term_string}"},"query-input":{"@type":"PropertyValueSpecification","valueRequired":true,"valueName":"search_term_string"}}],"inLanguage":"de"}]}},"jetpack_sharing_enabled":true,"jetpack_likes_enabled":true,"_links":{"self":[{"href":"http:\/\/www.wetterauer-landbote.de\/index.php?rest_route=\/wp\/v2\/pages\/518","targetHints":{"allow":["GET"]}}],"collection":[{"href":"http:\/\/www.wetterauer-landbote.de\/index.php?rest_route=\/wp\/v2\/pages"}],"about":[{"href":"http:\/\/www.wetterauer-landbote.de\/index.php?rest_route=\/wp\/v2\/types\/page"}],"author":[{"embeddable":true,"href":"http:\/\/www.wetterauer-landbote.de\/index.php?rest_route=\/wp\/v2\/users\/1"}],"replies":[{"embeddable":true,"href":"http:\/\/www.wetterauer-landbote.de\/index.php?rest_route=%2Fwp%2Fv2%2Fcomments&post=518"}],"version-history":[{"count":1,"href":"http:\/\/www.wetterauer-landbote.de\/index.php?rest_route=\/wp\/v2\/pages\/518\/revisions"}],"predecessor-version":[{"id":521,"href":"http:\/\/www.wetterauer-landbote.de\/index.php?rest_route=\/wp\/v2\/pages\/518\/revisions\/521"}],"wp:attachment":[{"href":"http:\/\/www.wetterauer-landbote.de\/index.php?rest_route=%2Fwp%2Fv2%2Fmedia&parent=518"}],"curies":[{"name":"wp","href":"https:\/\/api.w.org\/{rel}","templated":true}]}}