{"id":145,"date":"2013-06-20T21:37:47","date_gmt":"2013-06-20T19:37:47","guid":{"rendered":"http:\/\/www.wetterauer-landbote.de\/?page_id=145"},"modified":"2015-09-02T11:12:42","modified_gmt":"2015-09-02T09:12:42","slug":"leute-der-fr-friedberg","status":"publish","type":"page","link":"http:\/\/www.wetterauer-landbote.de\/?page_id=145","title":{"rendered":"Leute der FR-Friedberg"},"content":{"rendered":"<h1>Redakteure, die die Friedberger FR-Redaktion pr\u00e4gten<\/h1>\n<p>Zu ihren Hochzeiten z\u00e4hlte die Friedberger FR-Redaktion sechs fest angestellte Redakteure und zahlreiche freie Mitarbeiter. Teamgeist und Kreativit\u00e4t zeichneten die Redaktion aus. Hier folgt ein Who&#8217;s Who der Friedberger FR-Redaktion:<\/p>\n<h2>Horst Sch\u00fc\u00dfler<\/h2>\n<p>Die Zigarette im Mundwinkel, den Blick auf die Kamera. Horst Sch\u00fc\u00dfler war das Urgestein der Friedberger Redaktion der Frankfurter Rundschau. Schon 1948 hatte er begonnen, f\u00fcr das Blatt zu schreiben, das eigentlich gar nicht so recht in sein Weltbild passte.\u00a0 Das war eher rechtsgerichtet. Mit dem linken FR-Redakteur Winfried Rohloff,\u00a0 mit dem er sp\u00e4ter die Friedberger FR-Redaktion bildete, lag er im Dauerstreit, provozierte den auch gerne Mal, indem er die National-Zeitung in der Redaktion las.<\/p>\n<p><a href=\"https:\/\/i0.wp.com\/www.wetterauer-landbote.de\/wp-content\/uploads\/2013\/06\/schuessler.gif\"><img data-recalc-dims=\"1\" loading=\"lazy\" decoding=\"async\" class=\"alignnone size-medium wp-image-146\" src=\"https:\/\/i0.wp.com\/www.wetterauer-landbote.de\/wp-content\/uploads\/2013\/06\/schuessler.gif?resize=247%2C300\" alt=\"schuessler\" width=\"247\" height=\"300\" \/><\/a><\/p>\n<p>Sch\u00fc\u00dfler stammte aus Dieburg (geboren 1927). Nach dem Krieg verschlug es ihn nach Bad Nauheim. Er arbeitete zun\u00e4chst als Fotograf f\u00fcr die US-Armee, Zeitungen und Agenturen. Zu Ruhm gelangte er, als Elvis Presley von 1958 bis 1960 seinen Milit\u00e4rdienst in Friedberg absolvierte und in Bad Nauheim wohnte. Sch\u00fc\u00dfler fotografierte den K\u00f6nig des Rock&#8217;n&#8217;Roll vielfach. Wenn sich heute Elvis-Fans an dessen Zeit in Bad Nauheim erinnern, sind meist Sch\u00fc\u00dfler-Fotos dabei. Gemocht hat Sch\u00fc\u00dfler Elvis nicht. Mit bei\u00dfendem Spott erz\u00e4hlte er von den Eskapaden des K\u00f6nigs und seines Anhangs. Sch\u00fc\u00dfler konnte Menschen fotografieren wie kein Zweiter. Er konnte auf die Leute zugehen, fotografierte nicht aus der Distanz, sondern aus der N\u00e4he und schuf durch seine leutselige, witzige und manchmal polternde Art eine lockere Atmosph\u00e4re.<\/p>\n<h2>Winfried Rohloff<\/h2>\n<p>Immer wenn Winfried Rohloff in sein B\u00fcro gekommen sei, habe er den Papierkorb durchsucht, erz\u00e4hlt der langj\u00e4hrige Wetterauer SPD-Gesch\u00e4ftsf\u00fchrer Otto Geyer. Rohloff konnte sich gut in Szene setzen. Er war ausgebildeter Schauspieler. Er hatte als Dramaturg, Spielleiter und Schauspieler an den Stadttheatern in Cuxhaven und Gie\u00dfen gearbeitet, bevor er Journalist wurde. von 1977 bis 1986 war er Redakteur in der Friedberger FR-Redaktion. Er war nicht nur Chronist, er ging selbst in die Geschichte des Kreises ein: 1983 deckte er den Schwarzgeldskandal um den Bau der M\u00fcllumladestation des Kreises auf. Landrat Helmut M\u00fcnch (CDU) musste daraufhin den Hut nehmen. Rohloff wurde mit dem W\u00e4chterpreis der Tagespresse ausgezeichnet.<\/p>\n<p><a href=\"https:\/\/i0.wp.com\/www.wetterauer-landbote.de\/wp-content\/uploads\/2013\/06\/rohloff2.gif\"><img data-recalc-dims=\"1\" loading=\"lazy\" decoding=\"async\" class=\"alignnone size-medium wp-image-153\" src=\"https:\/\/i0.wp.com\/www.wetterauer-landbote.de\/wp-content\/uploads\/2013\/06\/rohloff2.gif?resize=210%2C300\" alt=\"rohloff2\" width=\"210\" height=\"300\" \/>W<\/a>infried Rohloff<\/p>\n<p>Rohloff rief die FR-Foren ins Leben, prominent besetzte Podiumsdiskussionen zu kontroversen Themen wie dem Grundwasserraubbau im Vogelsberg oder dem Ausbau des Flugplatzes Reichelsheim. Die Foren waren spannende Inszenierungen. Der Dramaturg verstand sein Handwerk.<\/p>\n<p>1986 wechselte Rohloff die Seiten: Der kritische Journalist wurde Pressesprecher des Strom- und Wasserversorgers Oberhessische Versorgungsbetriebe AG (Ovag). Rohloff wollte es etwas ruhiger angehen lassen. Aber der engagierte Gewerkschafter geriet bald in Konflikt mit seinem arbeitgeber. Rohloff hatte 1982 den Ortsverein der Deutschen Journalistenunion (dju) in der IG Medien (heute in Verdi) ins Leben gerufen. Der Ortsverein verlieh 1989 den &#8222;Maulkorb f\u00fcr pressefeindliches Verhalten&#8220; an den Butzbacher B\u00fcrgermeister Karl Heinz Hofmann (SPD) Hofmann war auch Mitglied im Ovag-Aufsichtsrat. Die Unternehmensleitung untersagte ihrem Pressesprecher, den Maulkorb an Hofmann zu \u00fcberreichen. Rohloff beugte sich dem Druck, verlie\u00df aber bald darauf das Unternehmen. Er arbeitete noch einige Jahre als Freier Journalist in der Wetterau. Dann zog er von Bad Nauheim nach Berlin und brach alle Kontakte in die Wetterau ab. Dort starb er am 7. Juli 1998, erst 56 Jahre alt.<\/p>\n<p>&nbsp;<\/p>\n","protected":false},"excerpt":{"rendered":"<p>Redakteure, die die Friedberger FR-Redaktion pr\u00e4gten Zu ihren Hochzeiten z\u00e4hlte die Friedberger FR-Redaktion sechs fest angestellte Redakteure und zahlreiche freie Mitarbeiter. Teamgeist und Kreativit\u00e4t zeichneten die Redaktion aus. Hier folgt ein Who&#8217;s Who der Friedberger FR-Redaktion: Horst Sch\u00fc\u00dfler Die Zigarette &hellip; <a href=\"http:\/\/www.wetterauer-landbote.de\/?page_id=145\">Weiterlesen <span class=\"meta-nav\">&rarr;<\/span><\/a><\/p>\n","protected":false},"author":1,"featured_media":0,"parent":0,"menu_order":0,"comment_status":"open","ping_status":"open","template":"","meta":{"footnotes":""},"class_list":["post-145","page","type-page","status-publish","hentry"],"yoast_head":"<!-- This site is optimized with the Yoast SEO plugin v27.0 - https:\/\/yoast.com\/product\/yoast-seo-wordpress\/ -->\n<title>Leute der FR-Friedberg - Wetterauer-Landbote<\/title>\n<meta name=\"description\" content=\"Friedberger Redakteure der Frankfurter Rundschau (FR), Horst Sch\u00fc\u00dfler fotografiert Elvis Presley, Winfried Rohloff erhielt den W\u00e4chterpreis\" \/>\n<meta name=\"robots\" content=\"index, follow, max-snippet:-1, max-image-preview:large, max-video-preview:-1\" \/>\n<link rel=\"canonical\" href=\"http:\/\/www.wetterauer-landbote.de\/?page_id=145\" \/>\n<meta property=\"og:locale\" content=\"de_DE\" \/>\n<meta property=\"og:type\" content=\"article\" \/>\n<meta property=\"og:title\" content=\"Leute der FR-Friedberg - Wetterauer-Landbote\" \/>\n<meta property=\"og:description\" content=\"Friedberger Redakteure der Frankfurter Rundschau (FR), Horst Sch\u00fc\u00dfler fotografiert Elvis Presley, Winfried Rohloff erhielt den W\u00e4chterpreis\" \/>\n<meta property=\"og:url\" content=\"http:\/\/www.wetterauer-landbote.de\/?page_id=145\" \/>\n<meta property=\"og:site_name\" content=\"Wetterauer-Landbote\" \/>\n<meta property=\"article:modified_time\" content=\"2015-09-02T09:12:42+00:00\" \/>\n<meta property=\"og:image\" content=\"http:\/\/www.wetterauer-landbote.de\/wp-content\/uploads\/2013\/06\/schuessler-247x300.gif\" \/>\n<meta name=\"twitter:label1\" content=\"Gesch\u00e4tzte Lesezeit\" \/>\n\t<meta name=\"twitter:data1\" content=\"3\u00a0Minuten\" \/>\n<script type=\"application\/ld+json\" class=\"yoast-schema-graph\">{\"@context\":\"https:\/\/schema.org\",\"@graph\":[{\"@type\":\"WebPage\",\"@id\":\"http:\/\/www.wetterauer-landbote.de\/?page_id=145\",\"url\":\"http:\/\/www.wetterauer-landbote.de\/?page_id=145\",\"name\":\"Leute der FR-Friedberg - Wetterauer-Landbote\",\"isPartOf\":{\"@id\":\"https:\/\/www.wetterauer-landbote.de\/#website\"},\"primaryImageOfPage\":{\"@id\":\"http:\/\/www.wetterauer-landbote.de\/?page_id=145#primaryimage\"},\"image\":{\"@id\":\"http:\/\/www.wetterauer-landbote.de\/?page_id=145#primaryimage\"},\"thumbnailUrl\":\"http:\/\/www.wetterauer-landbote.de\/wp-content\/uploads\/2013\/06\/schuessler-247x300.gif\",\"datePublished\":\"2013-06-20T19:37:47+00:00\",\"dateModified\":\"2015-09-02T09:12:42+00:00\",\"description\":\"Friedberger Redakteure der Frankfurter Rundschau (FR), Horst Sch\u00fc\u00dfler fotografiert Elvis Presley, Winfried Rohloff erhielt den W\u00e4chterpreis\",\"breadcrumb\":{\"@id\":\"http:\/\/www.wetterauer-landbote.de\/?page_id=145#breadcrumb\"},\"inLanguage\":\"de\",\"potentialAction\":[{\"@type\":\"ReadAction\",\"target\":[\"http:\/\/www.wetterauer-landbote.de\/?page_id=145\"]}]},{\"@type\":\"ImageObject\",\"inLanguage\":\"de\",\"@id\":\"http:\/\/www.wetterauer-landbote.de\/?page_id=145#primaryimage\",\"url\":\"https:\/\/i0.wp.com\/www.wetterauer-landbote.de\/wp-content\/uploads\/2013\/06\/schuessler.gif?fit=636%2C770\",\"contentUrl\":\"https:\/\/i0.wp.com\/www.wetterauer-landbote.de\/wp-content\/uploads\/2013\/06\/schuessler.gif?fit=636%2C770\",\"width\":636,\"height\":770},{\"@type\":\"BreadcrumbList\",\"@id\":\"http:\/\/www.wetterauer-landbote.de\/?page_id=145#breadcrumb\",\"itemListElement\":[{\"@type\":\"ListItem\",\"position\":1,\"name\":\"Home\",\"item\":\"https:\/\/www.wetterauer-landbote.de\/\"},{\"@type\":\"ListItem\",\"position\":2,\"name\":\"Leute der FR-Friedberg\"}]},{\"@type\":\"WebSite\",\"@id\":\"https:\/\/www.wetterauer-landbote.de\/#website\",\"url\":\"https:\/\/www.wetterauer-landbote.de\/\",\"name\":\"Wetterauer-Landbote\",\"description\":\"\",\"potentialAction\":[{\"@type\":\"SearchAction\",\"target\":{\"@type\":\"EntryPoint\",\"urlTemplate\":\"https:\/\/www.wetterauer-landbote.de\/?s={search_term_string}\"},\"query-input\":{\"@type\":\"PropertyValueSpecification\",\"valueRequired\":true,\"valueName\":\"search_term_string\"}}],\"inLanguage\":\"de\"}]}<\/script>\n<!-- \/ Yoast SEO plugin. -->","yoast_head_json":{"title":"Leute der FR-Friedberg - Wetterauer-Landbote","description":"Friedberger Redakteure der Frankfurter Rundschau (FR), Horst Sch\u00fc\u00dfler fotografiert Elvis Presley, Winfried Rohloff erhielt den W\u00e4chterpreis","robots":{"index":"index","follow":"follow","max-snippet":"max-snippet:-1","max-image-preview":"max-image-preview:large","max-video-preview":"max-video-preview:-1"},"canonical":"http:\/\/www.wetterauer-landbote.de\/?page_id=145","og_locale":"de_DE","og_type":"article","og_title":"Leute der FR-Friedberg - Wetterauer-Landbote","og_description":"Friedberger Redakteure der Frankfurter Rundschau (FR), Horst Sch\u00fc\u00dfler fotografiert Elvis Presley, Winfried Rohloff erhielt den W\u00e4chterpreis","og_url":"http:\/\/www.wetterauer-landbote.de\/?page_id=145","og_site_name":"Wetterauer-Landbote","article_modified_time":"2015-09-02T09:12:42+00:00","og_image":[{"url":"http:\/\/www.wetterauer-landbote.de\/wp-content\/uploads\/2013\/06\/schuessler-247x300.gif","type":"","width":"","height":""}],"twitter_misc":{"Gesch\u00e4tzte Lesezeit":"3\u00a0Minuten"},"schema":{"@context":"https:\/\/schema.org","@graph":[{"@type":"WebPage","@id":"http:\/\/www.wetterauer-landbote.de\/?page_id=145","url":"http:\/\/www.wetterauer-landbote.de\/?page_id=145","name":"Leute der FR-Friedberg - Wetterauer-Landbote","isPartOf":{"@id":"https:\/\/www.wetterauer-landbote.de\/#website"},"primaryImageOfPage":{"@id":"http:\/\/www.wetterauer-landbote.de\/?page_id=145#primaryimage"},"image":{"@id":"http:\/\/www.wetterauer-landbote.de\/?page_id=145#primaryimage"},"thumbnailUrl":"http:\/\/www.wetterauer-landbote.de\/wp-content\/uploads\/2013\/06\/schuessler-247x300.gif","datePublished":"2013-06-20T19:37:47+00:00","dateModified":"2015-09-02T09:12:42+00:00","description":"Friedberger Redakteure der Frankfurter Rundschau (FR), Horst Sch\u00fc\u00dfler fotografiert Elvis Presley, Winfried Rohloff erhielt den W\u00e4chterpreis","breadcrumb":{"@id":"http:\/\/www.wetterauer-landbote.de\/?page_id=145#breadcrumb"},"inLanguage":"de","potentialAction":[{"@type":"ReadAction","target":["http:\/\/www.wetterauer-landbote.de\/?page_id=145"]}]},{"@type":"ImageObject","inLanguage":"de","@id":"http:\/\/www.wetterauer-landbote.de\/?page_id=145#primaryimage","url":"https:\/\/i0.wp.com\/www.wetterauer-landbote.de\/wp-content\/uploads\/2013\/06\/schuessler.gif?fit=636%2C770","contentUrl":"https:\/\/i0.wp.com\/www.wetterauer-landbote.de\/wp-content\/uploads\/2013\/06\/schuessler.gif?fit=636%2C770","width":636,"height":770},{"@type":"BreadcrumbList","@id":"http:\/\/www.wetterauer-landbote.de\/?page_id=145#breadcrumb","itemListElement":[{"@type":"ListItem","position":1,"name":"Home","item":"https:\/\/www.wetterauer-landbote.de\/"},{"@type":"ListItem","position":2,"name":"Leute der FR-Friedberg"}]},{"@type":"WebSite","@id":"https:\/\/www.wetterauer-landbote.de\/#website","url":"https:\/\/www.wetterauer-landbote.de\/","name":"Wetterauer-Landbote","description":"","potentialAction":[{"@type":"SearchAction","target":{"@type":"EntryPoint","urlTemplate":"https:\/\/www.wetterauer-landbote.de\/?s={search_term_string}"},"query-input":{"@type":"PropertyValueSpecification","valueRequired":true,"valueName":"search_term_string"}}],"inLanguage":"de"}]}},"jetpack_sharing_enabled":true,"jetpack_likes_enabled":true,"_links":{"self":[{"href":"http:\/\/www.wetterauer-landbote.de\/index.php?rest_route=\/wp\/v2\/pages\/145","targetHints":{"allow":["GET"]}}],"collection":[{"href":"http:\/\/www.wetterauer-landbote.de\/index.php?rest_route=\/wp\/v2\/pages"}],"about":[{"href":"http:\/\/www.wetterauer-landbote.de\/index.php?rest_route=\/wp\/v2\/types\/page"}],"author":[{"embeddable":true,"href":"http:\/\/www.wetterauer-landbote.de\/index.php?rest_route=\/wp\/v2\/users\/1"}],"replies":[{"embeddable":true,"href":"http:\/\/www.wetterauer-landbote.de\/index.php?rest_route=%2Fwp%2Fv2%2Fcomments&post=145"}],"version-history":[{"count":7,"href":"http:\/\/www.wetterauer-landbote.de\/index.php?rest_route=\/wp\/v2\/pages\/145\/revisions"}],"predecessor-version":[{"id":2438,"href":"http:\/\/www.wetterauer-landbote.de\/index.php?rest_route=\/wp\/v2\/pages\/145\/revisions\/2438"}],"wp:attachment":[{"href":"http:\/\/www.wetterauer-landbote.de\/index.php?rest_route=%2Fwp%2Fv2%2Fmedia&parent=145"}],"curies":[{"name":"wp","href":"https:\/\/api.w.org\/{rel}","templated":true}]}}