{"id":115,"date":"2013-06-09T18:56:50","date_gmt":"2013-06-09T16:56:50","guid":{"rendered":"http:\/\/www.wetterauer-landbote.de\/?page_id=115"},"modified":"2013-06-09T18:58:35","modified_gmt":"2013-06-09T16:58:35","slug":"historisches","status":"publish","type":"page","link":"http:\/\/www.wetterauer-landbote.de\/?page_id=115","title":{"rendered":"Historisches"},"content":{"rendered":"<div>\n<h1 style=\"color: blue; background-color: red;\">Die Jagd nach Dr. Tod<\/h1>\n<p>Aribert Heim war Arzt am B\u00fcrgerhospital in Friedberg, beim VfL Bad Nauheim spielte er\u00a0 Eishockey. Und er war einer der meist gesuchten Kriegsverbrecher.\u00a0 Er wurde &#8222;der Schl\u00e4chter von Mauthausen&#8220; und &#8222;Dr. Tod&#8220; genannt. Mehr als 300 Menschen soll er im Konzentrationslager Mauthausen get\u00f6tet haben.\u00a0 Im September vergangenen Jahres ist Heim\u00a0 vom Landgericht Baden Baden f\u00fcr tot erkl\u00e4rt worden.<\/p>\n<pre> <a href=\"https:\/\/i0.wp.com\/www.wetterauer-landbote.de\/wp-content\/uploads\/2013\/06\/a437b7a011f86ce272b1e992e5b9a63c_image_document_large_featured_borderless.jpg\"><img data-recalc-dims=\"1\" loading=\"lazy\" decoding=\"async\" class=\"alignnone size-medium wp-image-117\" alt=\"Neue Hinweise auf KZ-Arzt Heim in S\u00fcdamerika\" src=\"https:\/\/i0.wp.com\/www.wetterauer-landbote.de\/wp-content\/uploads\/2013\/06\/a437b7a011f86ce272b1e992e5b9a63c_image_document_large_featured_borderless.jpg?resize=432%2C314\" width=\"432\" height=\"314\" \/><\/a> Aribert Heim, der Schl\u00e4chter von Mauthausen<\/pre>\n<p>Nur wenige Wochen im Jahr 1941 war der damals 27-J\u00e4hrige Arzt im KZ Mauthausen gewesen. Diese kurze Zeit brachte ihm den Ruf ein, ein sadistischer M\u00f6rder zu sein.\u00a0 \u201eEr war von allen Lager\u00e4rzten in Mauthausen der schrecklichste\u201c, berichtete ein \u00fcberlebender politischer Gefangener 1949. Hundertfach hat er Juden mit Spitzen get\u00f6tet. Zu einem Jungen hat er vor der Ermordung gesagt: &#8222;Schau dir deine Nase an, so was kann der F\u00fchrer nicht brauchen&#8220;, berichtet Ernst Klee in seinem &#8222;Personenlexikon zum Dritten Reich&#8220;. Heim injizierte seinen Opfern Giftspritzen direkt ins Herz. Er operierte H\u00e4ftlinge ohne Bet\u00e4ubung und entnahm ihnen aus reinem Sadismus Organe. Zuvor hatte Heim in den Konzentrationslagern Buchenwald und Sachsenhausen gearbeitet.<\/p>\n<pre><a href=\"https:\/\/i0.wp.com\/www.wetterauer-landbote.de\/wp-content\/uploads\/2013\/06\/aa-Aribert_Ferdinand_Heim.jpg\"><img data-recalc-dims=\"1\" loading=\"lazy\" decoding=\"async\" class=\"alignnone size-medium wp-image-118\" alt=\"aa Aribert_Ferdinand_Heim\" src=\"https:\/\/i0.wp.com\/www.wetterauer-landbote.de\/wp-content\/uploads\/2013\/06\/aa-Aribert_Ferdinand_Heim.jpg?resize=196%2C300\" width=\"196\" height=\"300\" srcset=\"https:\/\/i0.wp.com\/www.wetterauer-landbote.de\/wp-content\/uploads\/2013\/06\/aa-Aribert_Ferdinand_Heim.jpg?resize=196%2C300 196w, https:\/\/i0.wp.com\/www.wetterauer-landbote.de\/wp-content\/uploads\/2013\/06\/aa-Aribert_Ferdinand_Heim.jpg?w=224 224w\" sizes=\"auto, (max-width: 196px) 100vw, 196px\" \/><\/a>Heim in SS-Uniform<\/pre>\n<p>Im M\u00e4rz 1945 war Heim vom US-Milit\u00e4r festgenommen worden. Er kam wieder frei und arbeitete 1947 am B\u00fcrgerhospital in Friedberg als Assistenzarzt. In der Saison 1947\/48 spielte er beim VfL Bad Nauheim\u00a0 Eishockey.\u00a0 1949 lie\u00df er sich als Arzt in Mannheim nieder, ab 1954 praktizierte er als Gyn\u00e4kologe in Baden-Baden.<\/p>\n<p>Kurz bevor ein 1961 in Wien ausgestellter Haftbefehl vollstreckt werden konnte, tauchte Heim 1962 unter. W\u00e4hrend international nach ihm gefahndet wurde \u2013 eine Belohnung von 260.000 Mark war f\u00fcr seine Ergreifung ausgesetzt \u2013, lebte Heim von den Einnahmen eines Mietshauses in Berlin, das ihm Monat f\u00fcr Monat rund 7000 Mark bescherte. 1979 wurde das Haus zwangsversteigert. Im M\u00e4rz 1997 gab es einen anonymen Hinweis, Heim lebe in Weilrod im Taunus. Fahnder suchten dort vergeblich.<\/p>\n<p>Im Februar 2009 war berichtet worden, Heim\u00a0 sei bereits 1992 in Kairo an Darmkrebs gestorben. Die Berichte st\u00fctzten sich auf Aussagen seines Sohnes. Die Baden-Badener Schwurgerichtskammer kam im September 2012 nach langwierigen Untersuchungen zum Schluss, dass das stimmt. Sie erkl\u00e4rte den Schl\u00e4chter f\u00fcr tot und stellte das Verfahren gegen ihn ein.<\/p>\n<p>Heim sei nach seiner Flucht in \u00c4gypten untergetaucht und 1980 zum islamischen Glauben konvertiert und habe seither den Namen Tarek Hussein Farid getragen. Im Alter von 78 Jahren sei er am 10. August 1992 in Kairo gestorben.<\/p>\n<\/div>\n","protected":false},"excerpt":{"rendered":"<p>Die Jagd nach Dr. Tod Aribert Heim war Arzt am B\u00fcrgerhospital in Friedberg, beim VfL Bad Nauheim spielte er\u00a0 Eishockey. Und er war einer der meist gesuchten Kriegsverbrecher.\u00a0 Er wurde &#8222;der Schl\u00e4chter von Mauthausen&#8220; und &#8222;Dr. Tod&#8220; genannt. Mehr als &hellip; <a href=\"http:\/\/www.wetterauer-landbote.de\/?page_id=115\">Weiterlesen <span class=\"meta-nav\">&rarr;<\/span><\/a><\/p>\n","protected":false},"author":1,"featured_media":0,"parent":0,"menu_order":0,"comment_status":"open","ping_status":"open","template":"","meta":{"footnotes":""},"class_list":["post-115","page","type-page","status-publish","hentry"],"yoast_head":"<!-- This site is optimized with the Yoast SEO plugin v27.0 - https:\/\/yoast.com\/product\/yoast-seo-wordpress\/ -->\n<title>Historisches - Wetterauer-Landbote<\/title>\n<meta name=\"robots\" content=\"index, follow, max-snippet:-1, max-image-preview:large, max-video-preview:-1\" \/>\n<link rel=\"canonical\" href=\"http:\/\/www.wetterauer-landbote.de\/?page_id=115\" \/>\n<meta property=\"og:locale\" content=\"de_DE\" \/>\n<meta property=\"og:type\" content=\"article\" \/>\n<meta property=\"og:title\" content=\"Historisches - Wetterauer-Landbote\" \/>\n<meta property=\"og:description\" content=\"Die Jagd nach Dr. Tod Aribert Heim war Arzt am B\u00fcrgerhospital in Friedberg, beim VfL Bad Nauheim spielte er\u00a0 Eishockey. Und er war einer der meist gesuchten Kriegsverbrecher.\u00a0 Er wurde &#8222;der Schl\u00e4chter von Mauthausen&#8220; und &#8222;Dr. Tod&#8220; genannt. Mehr als &hellip; Weiterlesen &rarr;\" \/>\n<meta property=\"og:url\" content=\"http:\/\/www.wetterauer-landbote.de\/?page_id=115\" \/>\n<meta property=\"og:site_name\" content=\"Wetterauer-Landbote\" \/>\n<meta property=\"article:modified_time\" content=\"2013-06-09T16:58:35+00:00\" \/>\n<meta property=\"og:image\" content=\"http:\/\/www.wetterauer-landbote.de\/wp-content\/uploads\/2013\/06\/a437b7a011f86ce272b1e992e5b9a63c_image_document_large_featured_borderless-220x300.jpg\" \/>\n<meta name=\"twitter:label1\" content=\"Gesch\u00e4tzte Lesezeit\" \/>\n\t<meta name=\"twitter:data1\" content=\"2\u00a0Minuten\" \/>\n<script type=\"application\/ld+json\" class=\"yoast-schema-graph\">{\"@context\":\"https:\/\/schema.org\",\"@graph\":[{\"@type\":\"WebPage\",\"@id\":\"http:\/\/www.wetterauer-landbote.de\/?page_id=115\",\"url\":\"http:\/\/www.wetterauer-landbote.de\/?page_id=115\",\"name\":\"Historisches - Wetterauer-Landbote\",\"isPartOf\":{\"@id\":\"http:\/\/www.wetterauer-landbote.de\/#website\"},\"primaryImageOfPage\":{\"@id\":\"http:\/\/www.wetterauer-landbote.de\/?page_id=115#primaryimage\"},\"image\":{\"@id\":\"http:\/\/www.wetterauer-landbote.de\/?page_id=115#primaryimage\"},\"thumbnailUrl\":\"http:\/\/www.wetterauer-landbote.de\/wp-content\/uploads\/2013\/06\/a437b7a011f86ce272b1e992e5b9a63c_image_document_large_featured_borderless-220x300.jpg\",\"datePublished\":\"2013-06-09T16:56:50+00:00\",\"dateModified\":\"2013-06-09T16:58:35+00:00\",\"breadcrumb\":{\"@id\":\"http:\/\/www.wetterauer-landbote.de\/?page_id=115#breadcrumb\"},\"inLanguage\":\"de\",\"potentialAction\":[{\"@type\":\"ReadAction\",\"target\":[\"http:\/\/www.wetterauer-landbote.de\/?page_id=115\"]}]},{\"@type\":\"ImageObject\",\"inLanguage\":\"de\",\"@id\":\"http:\/\/www.wetterauer-landbote.de\/?page_id=115#primaryimage\",\"url\":\"https:\/\/i0.wp.com\/www.wetterauer-landbote.de\/wp-content\/uploads\/2013\/06\/a437b7a011f86ce272b1e992e5b9a63c_image_document_large_featured_borderless.jpg?fit=368%2C500\",\"contentUrl\":\"https:\/\/i0.wp.com\/www.wetterauer-landbote.de\/wp-content\/uploads\/2013\/06\/a437b7a011f86ce272b1e992e5b9a63c_image_document_large_featured_borderless.jpg?fit=368%2C500\",\"width\":368,\"height\":500},{\"@type\":\"BreadcrumbList\",\"@id\":\"http:\/\/www.wetterauer-landbote.de\/?page_id=115#breadcrumb\",\"itemListElement\":[{\"@type\":\"ListItem\",\"position\":1,\"name\":\"Home\",\"item\":\"http:\/\/www.wetterauer-landbote.de\/\"},{\"@type\":\"ListItem\",\"position\":2,\"name\":\"Historisches\"}]},{\"@type\":\"WebSite\",\"@id\":\"http:\/\/www.wetterauer-landbote.de\/#website\",\"url\":\"http:\/\/www.wetterauer-landbote.de\/\",\"name\":\"Wetterauer-Landbote\",\"description\":\"\",\"potentialAction\":[{\"@type\":\"SearchAction\",\"target\":{\"@type\":\"EntryPoint\",\"urlTemplate\":\"http:\/\/www.wetterauer-landbote.de\/?s={search_term_string}\"},\"query-input\":{\"@type\":\"PropertyValueSpecification\",\"valueRequired\":true,\"valueName\":\"search_term_string\"}}],\"inLanguage\":\"de\"}]}<\/script>\n<!-- \/ Yoast SEO plugin. -->","yoast_head_json":{"title":"Historisches - Wetterauer-Landbote","robots":{"index":"index","follow":"follow","max-snippet":"max-snippet:-1","max-image-preview":"max-image-preview:large","max-video-preview":"max-video-preview:-1"},"canonical":"http:\/\/www.wetterauer-landbote.de\/?page_id=115","og_locale":"de_DE","og_type":"article","og_title":"Historisches - Wetterauer-Landbote","og_description":"Die Jagd nach Dr. Tod Aribert Heim war Arzt am B\u00fcrgerhospital in Friedberg, beim VfL Bad Nauheim spielte er\u00a0 Eishockey. Und er war einer der meist gesuchten Kriegsverbrecher.\u00a0 Er wurde &#8222;der Schl\u00e4chter von Mauthausen&#8220; und &#8222;Dr. Tod&#8220; genannt. Mehr als &hellip; Weiterlesen &rarr;","og_url":"http:\/\/www.wetterauer-landbote.de\/?page_id=115","og_site_name":"Wetterauer-Landbote","article_modified_time":"2013-06-09T16:58:35+00:00","og_image":[{"url":"http:\/\/www.wetterauer-landbote.de\/wp-content\/uploads\/2013\/06\/a437b7a011f86ce272b1e992e5b9a63c_image_document_large_featured_borderless-220x300.jpg","type":"","width":"","height":""}],"twitter_misc":{"Gesch\u00e4tzte Lesezeit":"2\u00a0Minuten"},"schema":{"@context":"https:\/\/schema.org","@graph":[{"@type":"WebPage","@id":"http:\/\/www.wetterauer-landbote.de\/?page_id=115","url":"http:\/\/www.wetterauer-landbote.de\/?page_id=115","name":"Historisches - Wetterauer-Landbote","isPartOf":{"@id":"http:\/\/www.wetterauer-landbote.de\/#website"},"primaryImageOfPage":{"@id":"http:\/\/www.wetterauer-landbote.de\/?page_id=115#primaryimage"},"image":{"@id":"http:\/\/www.wetterauer-landbote.de\/?page_id=115#primaryimage"},"thumbnailUrl":"http:\/\/www.wetterauer-landbote.de\/wp-content\/uploads\/2013\/06\/a437b7a011f86ce272b1e992e5b9a63c_image_document_large_featured_borderless-220x300.jpg","datePublished":"2013-06-09T16:56:50+00:00","dateModified":"2013-06-09T16:58:35+00:00","breadcrumb":{"@id":"http:\/\/www.wetterauer-landbote.de\/?page_id=115#breadcrumb"},"inLanguage":"de","potentialAction":[{"@type":"ReadAction","target":["http:\/\/www.wetterauer-landbote.de\/?page_id=115"]}]},{"@type":"ImageObject","inLanguage":"de","@id":"http:\/\/www.wetterauer-landbote.de\/?page_id=115#primaryimage","url":"https:\/\/i0.wp.com\/www.wetterauer-landbote.de\/wp-content\/uploads\/2013\/06\/a437b7a011f86ce272b1e992e5b9a63c_image_document_large_featured_borderless.jpg?fit=368%2C500","contentUrl":"https:\/\/i0.wp.com\/www.wetterauer-landbote.de\/wp-content\/uploads\/2013\/06\/a437b7a011f86ce272b1e992e5b9a63c_image_document_large_featured_borderless.jpg?fit=368%2C500","width":368,"height":500},{"@type":"BreadcrumbList","@id":"http:\/\/www.wetterauer-landbote.de\/?page_id=115#breadcrumb","itemListElement":[{"@type":"ListItem","position":1,"name":"Home","item":"http:\/\/www.wetterauer-landbote.de\/"},{"@type":"ListItem","position":2,"name":"Historisches"}]},{"@type":"WebSite","@id":"http:\/\/www.wetterauer-landbote.de\/#website","url":"http:\/\/www.wetterauer-landbote.de\/","name":"Wetterauer-Landbote","description":"","potentialAction":[{"@type":"SearchAction","target":{"@type":"EntryPoint","urlTemplate":"http:\/\/www.wetterauer-landbote.de\/?s={search_term_string}"},"query-input":{"@type":"PropertyValueSpecification","valueRequired":true,"valueName":"search_term_string"}}],"inLanguage":"de"}]}},"jetpack_sharing_enabled":true,"jetpack_likes_enabled":true,"_links":{"self":[{"href":"http:\/\/www.wetterauer-landbote.de\/index.php?rest_route=\/wp\/v2\/pages\/115","targetHints":{"allow":["GET"]}}],"collection":[{"href":"http:\/\/www.wetterauer-landbote.de\/index.php?rest_route=\/wp\/v2\/pages"}],"about":[{"href":"http:\/\/www.wetterauer-landbote.de\/index.php?rest_route=\/wp\/v2\/types\/page"}],"author":[{"embeddable":true,"href":"http:\/\/www.wetterauer-landbote.de\/index.php?rest_route=\/wp\/v2\/users\/1"}],"replies":[{"embeddable":true,"href":"http:\/\/www.wetterauer-landbote.de\/index.php?rest_route=%2Fwp%2Fv2%2Fcomments&post=115"}],"version-history":[{"count":6,"href":"http:\/\/www.wetterauer-landbote.de\/index.php?rest_route=\/wp\/v2\/pages\/115\/revisions"}],"predecessor-version":[{"id":125,"href":"http:\/\/www.wetterauer-landbote.de\/index.php?rest_route=\/wp\/v2\/pages\/115\/revisions\/125"}],"wp:attachment":[{"href":"http:\/\/www.wetterauer-landbote.de\/index.php?rest_route=%2Fwp%2Fv2%2Fmedia&parent=115"}],"curies":[{"name":"wp","href":"https:\/\/api.w.org\/{rel}","templated":true}]}}